{"id":44,"date":"2024-09-25T23:41:29","date_gmt":"2024-09-26T00:41:29","guid":{"rendered":"https:\/\/consultoria.cv\/?page_id=44"},"modified":"2026-03-10T12:48:37","modified_gmt":"2026-03-10T13:48:37","slug":"politica-de-privacidade","status":"publish","type":"page","link":"https:\/\/consultoria.cv\/fr\/politica-de-privacidade\/","title":{"rendered":"Politique de confidentialit\u00e9"},"content":{"rendered":"<section class=\"bde-section-44-144 bde-section\">\n  \n  \n\t\n\n\n\n<div class=\"section-container\"><div class=\"bde-div-44-145 bde-div\">\n  \n  \n\t\n\n\n\n<h1 class=\"bde-heading-44-168 bde-heading\">\nPolitique de confidentialit\u00e9\u00a0\n<\/h1><div class=\"bde-rich-text-44-146 bde-rich-text breakdance-rich-text-styles\">\n<p>Estamos comprometidos em proteger a sua privacidade.<\/p><p>Esta Pol\u00edtica de Privacidade explica que Informa\u00e7\u00f5es Pessoais a S&amp;D Consultoria Contabilidade e Gest\u00e3o, Lda, uma empresa registada em Cabo Verde, recolhe sobre si, para que as utilizamos, com quem as partilhamos e como as protegemos.<\/p><p>Define tamb\u00e9m os seus direitos e quem pode contactar para obter mais informa\u00e7\u00f5es ou esclarecer d\u00favidas.<\/p><p>Quando usados nesta Pol\u00edtica de Privacidade, os termos \u201cn\u00f3s\u201d, \u201cnos\u201d e \u201cnosso\u201d referem-se \u00e0 S&amp;D Consultoria Contabilidade e Gest\u00e3o, Lda.<\/p><p>Nesta Pol\u00edtica de Privacidade, as informa\u00e7\u00f5es sobre si, que podem ser referidas como dados pessoais em algumas jurisdi\u00e7\u00f5es, s\u00e3o designadas por \"Informa\u00e7\u00f5es Pessoais\".<\/p><p>Informa\u00e7\u00f5es Pessoais referem-se a informa\u00e7\u00f5es que identificam, se relacionam com, descrevem, s\u00e3o capazes de ser associadas ou poderiam razoavelmente ser vinculadas, direta ou indiretamente, a um indiv\u00edduo espec\u00edfico.<\/p><p>Podemos tamb\u00e9m referir-nos coletivamente \u00e0 manipula\u00e7\u00e3o, recolha, prote\u00e7\u00e3o e armazenamento das suas Informa\u00e7\u00f5es Pessoais como \"processamento\" dessas Informa\u00e7\u00f5es Pessoais.<\/p><h4>Sobre Outras \u00e1reas do nosso Site<\/h4><p>O nosso site pode incluir p\u00e1ginas fornecidas por outras entidades relacionadas, que s\u00e3o designadas de acordo com a localiza\u00e7\u00e3o geogr\u00e1fica identificada no canto superior direito da p\u00e1gina web.<\/p><p>Estas p\u00e1ginas s\u00e3o fornecidas pelas entidades designadas e n\u00e3o s\u00e3o da responsabilidade da S&amp;D Consultoria Contabilidade e Gest\u00e3o, Lda. Tais p\u00e1ginas, bem como outros websites que possam estar ligados ao nosso site, n\u00e3o s\u00e3o regidos por esta Pol\u00edtica de Privacidade.<\/p><p>Recomendamos que reveja as pol\u00edticas de privacidade aplic\u00e1veis nessas p\u00e1ginas, que o informar\u00e3o sobre quem \u00e9 o controlador respons\u00e1vel e fornecer\u00e3o mais informa\u00e7\u00f5es sobre o processamento das suas Informa\u00e7\u00f5es Pessoais.<\/p><h4>Que informa\u00e7\u00f5es pessoais recolhemos<\/h4><p>Podemos recolher e processar as suas informa\u00e7\u00f5es pessoais devido a:<\/p><ol><li><strong>Informa\u00e7\u00f5es que nos fornece<\/strong>: Por exemplo, atrav\u00e9s das p\u00e1ginas do nosso site ou de qualquer outro website ou aplica\u00e7\u00e3o da S&amp;D Consultoria que remeta para esta Pol\u00edtica de Privacidade, ou atrav\u00e9s de qualquer outro modo de intera\u00e7\u00e3o connosco relacionado com comunica\u00e7\u00f5es da S&amp;D Consultoria.<\/li><li><strong>Informa\u00e7\u00f5es fornecidas por terceiros<\/strong>: Por exemplo, outras entidades do nosso grupo ou fornecedores de servi\u00e7os que utilizamos para nos ajudar a operar o nosso neg\u00f3cio.<\/li><li><strong>Informa\u00e7\u00f5es dispon\u00edveis publicamente<\/strong>.<\/li><\/ol><p>Quando outras entidades do nosso grupo ou terceiros nos fornecem Informa\u00e7\u00f5es Pessoais sobre si, garantimos que cumprem as leis e regulamentos de privacidade relevantes.<\/p><p>Isto pode incluir, por exemplo, inform\u00e1-lo sobre o processamento e obter qualquer permiss\u00e3o aplic\u00e1vel e necess\u00e1ria para processarmos essas informa\u00e7\u00f5es conforme descrito nesta Pol\u00edtica de Privacidade.<\/p><h4>Informa\u00e7\u00f5es de registo, Cookies e Web Beacons<\/h4><p>Podemos processar Informa\u00e7\u00f5es Pessoais suas quando interage com o nosso site ou comunica\u00e7\u00f5es.<\/p><p>Por exemplo, n\u00f3s ou os nossos fornecedores de servi\u00e7os podemos usar cookies (pequenos ficheiros de texto armazenados no navegador do utilizador) ou web beacons (imagens eletr\u00f3nicas que nos permitem contar utilizadores que acederam a determinado conte\u00fado e aceder a certos cookies) para recolher dados agregados.<\/p><p>Quando aplic\u00e1vel, informa\u00e7\u00f5es adicionais sobre como usamos cookies e outras tecnologias de rastreamento, e como pode control\u00e1-las, podem ser encontradas na Pol\u00edtica de Cookies no site aplic\u00e1vel.<\/p><h4>As informa\u00e7\u00f5es pessoais que processamos podem incluir<\/h4><ul><li>Nome;<\/li><li>Cargo atual;<\/li><li>Nome da empresa;<\/li><li>Endere\u00e7o de e-mail (profissional);<\/li><li>Pa\u00eds de resid\u00eancia;<\/li><li>N\u00fameros de telefone e fax;<\/li><li>Endere\u00e7os f\u00edsicos;<\/li><li>Interesses comerciais e industriais;<\/li><li>G\u00e9nero;<\/li><li>Data de nascimento;<\/li><li>Estado civil;<\/li><li>Detalhes de emprego e educa\u00e7\u00e3o (como hist\u00f3rico de aprendizagem, experi\u00eancia de trabalho e compet\u00eancias);<\/li><li>CV;<\/li><li>Geolocaliza\u00e7\u00e3o;<\/li><li>N\u00famero de certificado ou licen\u00e7a;<\/li><li>N\u00famero de conta;<\/li><li>Fotografia, v\u00eddeo ou grava\u00e7\u00e3o de \u00e1udio identific\u00e1vel a um indiv\u00edduo;<\/li><li>Suas postagens em blogs, f\u00f3runs, wikis e quaisquer outras aplica\u00e7\u00f5es de m\u00eddia social que fornecemos;<\/li><li>Endere\u00e7o IP;<\/li><li>Tipo e idioma do navegador;<\/li><li>Hor\u00e1rios de acesso;<\/li><li>Detalhes de reclama\u00e7\u00f5es;<\/li><li>Correspond\u00eancia consigo;<\/li><li>Newsletters a que se inscreveu;<\/li><li>Informa\u00e7\u00f5es relevantes para entidades do nosso grupo fornecerem servi\u00e7os a si;<\/li><li>Detalhes de como usa os produtos ou servi\u00e7os da S&amp;D Consultoria;<\/li><li>Detalhes de como gosta de interagir connosco e outras informa\u00e7\u00f5es semelhantes relevantes para a nossa rela\u00e7\u00e3o;<\/li><li>Informa\u00e7\u00f5es que recolhemos quando acede \u00e0s nossas instala\u00e7\u00f5es;<\/li><li>Quaisquer outras informa\u00e7\u00f5es que nos forne\u00e7a voluntariamente.<\/li><\/ul><p>Podemos tamb\u00e9m recolher ou obter Informa\u00e7\u00f5es Pessoais suas devido \u00e0 forma como interage connosco ou com terceiros.<\/p><p>N\u00e3o procuramos recolher 'categorias especiais' de Informa\u00e7\u00f5es Pessoais (por exemplo, dados relacionados com ra\u00e7a ou origem \u00e9tnica, cren\u00e7as religiosas ou filos\u00f3ficas, filia\u00e7\u00e3o sindical, opini\u00f5es pol\u00edticas, condi\u00e7\u00f5es m\u00e9dicas ou de sa\u00fade, ou informa\u00e7\u00f5es que especificam a vida sexual ou orienta\u00e7\u00e3o sexual de um indiv\u00edduo), a menos que seja necess\u00e1rio para cumprir requisitos legais ou ap\u00f3s obter o seu consentimento expl\u00edcito.<\/p><h4>Uso das informa\u00e7\u00f5es pessoais<\/h4><p>Podemos utilizar as suas informa\u00e7\u00f5es pessoais para os seguintes prop\u00f3sitos:<\/p><ol><li>Verificar a sua identidade quando faz login no site;<\/li><li>Gerir e\/ou melhorar o nosso site;<\/li><li>Promover a colabora\u00e7\u00e3o e comunica\u00e7\u00e3o;<\/li><li>Fornecer e documentar forma\u00e7\u00e3o e qualifica\u00e7\u00f5es;<\/li><li>Personalizar o conte\u00fado do site para lhe fornecer uma experi\u00eancia mais personalizada;<\/li><li>Gerir a nossa rela\u00e7\u00e3o consigo e responder a qualquer solicita\u00e7\u00e3o que submeta atrav\u00e9s do site;<\/li><li>Alert\u00e1-lo sobre informa\u00e7\u00f5es sobre produtos e servi\u00e7os que possam ser do seu interesse;<\/li><li>Realizar an\u00e1lises de dados, como o uso do site e an\u00e1lises demogr\u00e1ficas dos utilizadores do site;<\/li><li>Prevenir fraudes ou atividades criminosas e proteger os nossos sistemas de tecnologia e a seguran\u00e7a dos dados;<\/li><li>Monitorizar e aplicar o cumprimento dos termos de uso aplic\u00e1veis e garantir que apenas as partes autorizadas acedem ao site;<\/li><li>Cumprir requisitos legais ou regulat\u00f3rios aplic\u00e1veis;<\/li><li>Responder a solicita\u00e7\u00f5es e comunica\u00e7\u00f5es de autoridades competentes;<\/li><li>Gerir o relacionamento, que pode envolver: (i) enviar-lhe informa\u00e7\u00f5es de lideran\u00e7a de pensamento ou detalhes de produtos e servi\u00e7os fornecidos por entidades dentro do nosso grupo que possam ser do seu interesse; (ii) contact\u00e1-lo para obter feedback sobre esses servi\u00e7os; e (iii) contact\u00e1-lo para outros fins de pesquisa ou mercado;<\/li><li>Convid\u00e1-lo a participar em eventos, semin\u00e1rios, f\u00f3runs, etc.;<\/li><li>Realizar pesquisas sobre t\u00f3picos relacionados ou relevantes para a S&amp;D Consultoria ou para a sociedade;<\/li><li>Recrutamento e desenvolvimento de neg\u00f3cios;<\/li><li>Investigar ou prevenir incidentes de seguran\u00e7a;<\/li><li>Conduzir e analisar as nossas atividades de marketing;<\/li><li>Proteger os nossos direitos e\/ou os das outras entidades do nosso grupo.<\/li><\/ol><h4>Base legal para o processamento de informa\u00e7\u00f5es<\/h4><p>Somos obrigados por lei a estabelecer nesta Pol\u00edtica de Privacidade as bases legais nas quais nos baseamos para processar as suas Informa\u00e7\u00f5es Pessoais.<\/p><p>Contamos com uma ou mais das seguintes bases legais quando utilizamos as suas Informa\u00e7\u00f5es Pessoais para os fins acima descritos:<\/p><ul><li>O processamento \u00e9 necess\u00e1rio para cumprir uma obriga\u00e7\u00e3o legal que temos, como manter registos ou fornecer informa\u00e7\u00f5es a um \u00f3rg\u00e3o p\u00fablico ou ag\u00eancia de aplica\u00e7\u00e3o da lei;<\/li><li>O processamento \u00e9 necess\u00e1rio para os fins de um interesse leg\u00edtimo perseguido por n\u00f3s ou por um terceiro (e n\u00e3o s\u00e3o superados pelos seus interesses de privacidade), como a entrega eficaz do nosso site e dos servi\u00e7os relacionados oferecidos a si; a opera\u00e7\u00e3o eficaz e legal do nosso site ou comunica\u00e7\u00f5es; prevenir fraudes ou atividades criminosas ou proteger os nossos sistemas de tecnologia e\/ou a seguran\u00e7a dos dados; apoiar ou proteger os nossos interesses comerciais; garantir que as reclama\u00e7\u00f5es s\u00e3o investigadas; avaliar, desenvolver ou melhorar os nossos servi\u00e7os ou produtos; ou<\/li><li>Consentiu no processamento das suas informa\u00e7\u00f5es para um motivo espec\u00edfico, consentimento que pode retirar a qualquer momento.<\/li><\/ul><p>Na medida em que processamos quaisquer Informa\u00e7\u00f5es Pessoais sens\u00edveis relacionadas consigo para qualquer um dos fins acima descritos, f\u00e1-lo-emos porque: (i) nos deu o seu consentimento expl\u00edcito para processar esses dados; (ii) somos obrigados por lei a processar esses dados; (iii) o processamento \u00e9 necess\u00e1rio para o estabelecimento, exerc\u00edcio ou defesa de reivindica\u00e7\u00f5es legais; ou (iv) tornou os dados manifestamente p\u00fablicos.<\/p><p>Note que, em determinadas circunst\u00e2ncias, pode ainda ser legal continuarmos a processar as suas informa\u00e7\u00f5es para fins separados, mesmo quando retirou o seu consentimento, se uma das outras bases legais descritas acima for aplic\u00e1vel.<\/p><h4>Envio de informa\u00e7\u00f5es de Marketing<\/h4><p>N\u00f3s e outras entidades do nosso grupo podemos utilizar as suas informa\u00e7\u00f5es ocasionalmente para o informar por carta, telefone, e-mail e\/ou outros m\u00e9todos eletr\u00f3nicos sobre produtos e servi\u00e7os (incluindo os de terceiros) que possam ser do seu interesse. Quando for legalmente exigido obter o seu consentimento para lhe fornecer determinados materiais de marketing, s\u00f3 o faremos onde tivermos obtido esse consentimento de si.<\/p><p>Pode, a qualquer momento, pedir-nos para n\u00e3o enviar informa\u00e7\u00f5es de marketing, seguindo as instru\u00e7\u00f5es de cancelamento de subscri\u00e7\u00e3o nas comunica\u00e7\u00f5es que enviamos, ou contactando-nos utilizando a se\u00e7\u00e3o \u201cInforma\u00e7\u00f5es de Contacto\u201d abaixo.<\/p><h4>Divulga\u00e7\u00e3o de Informa\u00e7\u00f5es a Terceiros<\/h4><p>Em conex\u00e3o com um ou mais dos prop\u00f3sitos descritos na se\u00e7\u00e3o \u201cUso de Informa\u00e7\u00f5es\u201d, podemos divulgar detalhes sobre si a: outras entidades do nosso grupo para fins comerciais leg\u00edtimos; terceiros que nos fornecem servi\u00e7os e\/ou ao nosso grupo; como parte de uma transa\u00e7\u00e3o corporativa (como uma venda, desinvestimento, reorganiza\u00e7\u00e3o, fus\u00e3o ou aquisi\u00e7\u00e3o); autoridades competentes (incluindo tribunais e autoridades que nos regulam ou outra entidade do nosso grupo) e outros terceiros que necessitem razoavelmente de acesso a Informa\u00e7\u00f5es Pessoais sobre si para um ou mais dos prop\u00f3sitos descritos na se\u00e7\u00e3o \u201cUso de Informa\u00e7\u00f5es\u201d.<\/p><p>Podemos tamb\u00e9m necessitar de divulgar as suas Informa\u00e7\u00f5es Pessoais se exigido por lei, por um regulador ou durante procedimentos legais.<\/p><p>Note que alguns dos destinat\u00e1rios das suas Informa\u00e7\u00f5es Pessoais referenciados acima podem estar em pa\u00edses sem leis de prote\u00e7\u00e3o de dados semelhantes \u00e0s de Cabo Verde ou em vigor na sua \u00e1rea de resid\u00eancia.<\/p><p>Nesses casos, garantiremos que consentiu na transfer\u00eancia ou que existem salvaguardas adequadas para proteger as suas Informa\u00e7\u00f5es Pessoais em conformidade com as nossas obriga\u00e7\u00f5es legais.<\/p><p>Por exemplo, a salvaguarda adequada pode ser um acordo de transfer\u00eancia de dados com o destinat\u00e1rio baseado em cl\u00e1usulas contratuais padr\u00e3o aprovadas pela Comiss\u00e3o Europeia para transfer\u00eancias de Informa\u00e7\u00f5es Pessoais para terceiros pa\u00edses.<\/p><p>Detalhes adicionais sobre as transfer\u00eancias descritas acima e as salvaguardas adequadas utilizadas por n\u00f3s em rela\u00e7\u00e3o a essas transfer\u00eancias est\u00e3o dispon\u00edveis para si. Para essas informa\u00e7\u00f5es, entre em contacto connosco utilizando a se\u00e7\u00e3o \u201cInforma\u00e7\u00f5es de Contacto\u201d abaixo.<\/p><p>Podemos partilhar informa\u00e7\u00f5es n\u00e3o pessoais, desidentificadas e agregadas com terceiros para v\u00e1rios prop\u00f3sitos, incluindo an\u00e1lises de dados, pesquisa, submiss\u00f5es, lideran\u00e7a de pensamento e prop\u00f3sitos promocionais.<\/p><h4>Venda de informa\u00e7\u00f5es<\/h4><p>N\u00e3o vendemos as suas Informa\u00e7\u00f5es Pessoais.<\/p><h4>Blogs, F\u00f3runs, Wikis e Outras M\u00eddias Sociais<\/h4><p>O nosso site pode hospedar v\u00e1rios blogs, f\u00f3runs, wikis e outras aplica\u00e7\u00f5es ou servi\u00e7os de m\u00eddia social que permitem que partilhe conte\u00fado com outros utilizadores (coletivamente referidos como \u201cAplica\u00e7\u00f5es de M\u00eddia Social\u201d).<\/p><p>Qualquer Informa\u00e7\u00e3o Pessoal ou outra informa\u00e7\u00e3o que contribua para qualquer Aplica\u00e7\u00e3o de M\u00eddia Social pode ser lida, recolhida e utilizada por outros utilizadores dessa Aplica\u00e7\u00e3o de M\u00eddia Social sobre os quais temos pouco ou nenhum controlo.<\/p><p>Portanto, n\u00e3o somos respons\u00e1veis pelo uso, mau uso ou apropria\u00e7\u00e3o indevida de qualquer Informa\u00e7\u00e3o Pessoal ou outra informa\u00e7\u00e3o que contribua para qualquer Aplica\u00e7\u00e3o de M\u00eddia Social por outro utilizador.<\/p><h4>Pr\u00e1ticas de Privacidade de Terceiros<\/h4><p>Esta Pol\u00edtica de Privacidade aborda apenas o uso e a divulga\u00e7\u00e3o de informa\u00e7\u00f5es que recolhemos atrav\u00e9s da sua intera\u00e7\u00e3o com o nosso site ou comunica\u00e7\u00f5es.<\/p><p>Outros websites ou aplica\u00e7\u00f5es que possam ser acess\u00edveis atrav\u00e9s de links do nosso site e comunica\u00e7\u00f5es t\u00eam as suas pr\u00f3prias pol\u00edticas de privacidade e pr\u00e1ticas de recolha, uso e divulga\u00e7\u00e3o de Informa\u00e7\u00f5es Pessoais.<\/p><p>Recomendamos que se familiarize com as pol\u00edticas de privacidade fornecidas por essas outras partes antes de fornecer-lhes informa\u00e7\u00f5es.<\/p><h4>N\u00e3o Rastrear<\/h4><p>\"Do Not Track\" (N\u00e3o Rastrear) \u00e9 uma prefer\u00eancia que pode definir no seu navegador web para informar os websites e aplica\u00e7\u00f5es que visita que n\u00e3o deseja que recolham informa\u00e7\u00f5es sobre si.<\/p><p>O nosso site atualmente n\u00e3o responde a um sinal \"Do Not Track\" ou semelhante.<\/p><h4>Seguran\u00e7a das informa\u00e7\u00f5es<\/h4><p>Usamos uma gama de medidas f\u00edsicas, eletr\u00f3nicas e administrativas para manter as suas Informa\u00e7\u00f5es Pessoais seguras, precisas e atualizadas. Essas medidas incluem:<\/p><ul><li>Educa\u00e7\u00e3o e forma\u00e7\u00e3o ao pessoal relevante para que estejam cientes das nossas obriga\u00e7\u00f5es de privacidade ao manusear Informa\u00e7\u00f5es Pessoais;<\/li><li>Controles administrativos e t\u00e9cnicos para restringir o acesso \u00e0s Informa\u00e7\u00f5es Pessoais com base na necessidade de conhecimento;<\/li><li>Medidas de seguran\u00e7a tecnol\u00f3gica, incluindo firewalls, encripta\u00e7\u00e3o e software antiv\u00edrus; e<\/li><li>Medidas de seguran\u00e7a f\u00edsica, como passes de seguran\u00e7a para o pessoal aceder \u00e0s nossas instala\u00e7\u00f5es.<\/li><\/ul><p>Embora usemos medidas de seguran\u00e7a apropriadas uma vez recebidas as suas Informa\u00e7\u00f5es Pessoais, a transmiss\u00e3o de dados pela internet (incluindo por e-mail) nunca \u00e9 completamente segura. Esfor\u00e7amo-nos para proteger as Informa\u00e7\u00f5es Pessoais, mas n\u00e3o podemos garantir a seguran\u00e7a dos dados transmitidos para n\u00f3s ou por n\u00f3s atrav\u00e9s da internet.<\/p><h4>Reten\u00e7\u00e3o de informa\u00e7\u00f5es<\/h4><p>Manteremos as suas Informa\u00e7\u00f5es Pessoais nos nossos sistemas pelo maior dos seguintes per\u00edodos: (i) enquanto for necess\u00e1rio para a atividade ou servi\u00e7os relevantes; (ii) qualquer per\u00edodo de reten\u00e7\u00e3o exigido por lei; (iii) o final do per\u00edodo no qual podem surgir lit\u00edgios ou investiga\u00e7\u00f5es em rela\u00e7\u00e3o aos servi\u00e7os.<\/p><h4>Os seus Direitos<\/h4><p>Tem v\u00e1rios direitos em rela\u00e7\u00e3o \u00e0s suas Informa\u00e7\u00f5es Pessoais. Em particular, tem o direito de:<\/p><ul><li>Obter confirma\u00e7\u00e3o de que estamos a processar as suas Informa\u00e7\u00f5es Pessoais e solicitar uma c\u00f3pia das Informa\u00e7\u00f5es Pessoais que mantemos sobre si;<\/li><li>Solicitar que atualizemos as Informa\u00e7\u00f5es Pessoais que mantemos sobre si, ou solicitar que corrijamos tais Informa\u00e7\u00f5es Pessoais que considere incorretas ou incompletas;<\/li><li>Solicitar que eliminemos as Informa\u00e7\u00f5es Pessoais que mantemos sobre si, ou restringir a forma como utilizamos tais Informa\u00e7\u00f5es Pessoais; retirar o consentimento para o nosso processamento das suas Informa\u00e7\u00f5es Pessoais (na medida em que tal processamento se baseie apenas no consentimento previamente obtido);<\/li><li>Receber uma c\u00f3pia das Informa\u00e7\u00f5es Pessoais que lhe dizem respeito, que nos forneceu, num formato estruturado, de uso comum e leg\u00edvel por m\u00e1quina e transmitir tais Informa\u00e7\u00f5es Pessoais para outra parte (na medida em que o processamento se baseie no consentimento ou num contrato); e<\/li><li>Opor-se ao nosso processamento das suas Informa\u00e7\u00f5es Pessoais.<\/li><\/ul><p>Para nos ajudar a manter a precis\u00e3o das suas Informa\u00e7\u00f5es Pessoais, por favor contacte-nos utilizando a se\u00e7\u00e3o \u201cInforma\u00e7\u00f5es de Contacto\u201d abaixo se algum dos seus dados pessoais tiver mudado.<\/p><p>Se n\u00e3o estiver satisfeito com a forma como tratamos as suas Informa\u00e7\u00f5es Pessoais ou qualquer quest\u00e3o ou solicita\u00e7\u00e3o de privacidade que nos tenha levantado, tem o direito de reclamar junto da autoridade de prote\u00e7\u00e3o de dados em Cabo Verde ou na sua jurisdi\u00e7\u00e3o. Para essas informa\u00e7\u00f5es, por favor contacte-nos utilizando a se\u00e7\u00e3o \u201cInforma\u00e7\u00f5es de Contacto\u201d abaixo.<\/p><h4>Verifica\u00e7\u00e3o de pedidos de Informa\u00e7\u00f5es Pessoais<\/h4><p>Para certos pedidos de Informa\u00e7\u00f5es Pessoais, devemos primeiro verificar a sua identidade antes de processar o seu pedido. Para isso, podemos pedir que nos forne\u00e7a o seu nome completo, informa\u00e7\u00f5es de contacto e rela\u00e7\u00e3o com a S&amp;D Consultoria. Dependendo do seu pedido, podemos pedir informa\u00e7\u00f5es adicionais. Uma vez recebidas essas informa\u00e7\u00f5es, revis\u00e1-las-emos e determinaremos se podemos correspond\u00ea-las \u00e0s informa\u00e7\u00f5es que a S&amp;D Consultoria mant\u00e9m sobre si para verificar a sua identidade.<\/p><h4>Pedidos de Terceiros<\/h4><p>Se estiver a submeter um pedido de Informa\u00e7\u00f5es Pessoais em nome de outra pessoa, por favor contacte-nos utilizando a se\u00e7\u00e3o \u201cInforma\u00e7\u00f5es de Contacto\u201d abaixo e inclua prova de que est\u00e1 autorizado a fazer o pedido. Isso pode ser sob a forma de uma autoriza\u00e7\u00e3o escrita assinada pela pessoa em cujo nome est\u00e1 a atuar ou uma procura\u00e7\u00e3o v\u00e1lida.<\/p><h4>Informa\u00e7\u00f5es de Contacto<\/h4><p>Para exercer os seus direitos ou se tiver alguma d\u00favida sobre a sua privacidade ao utilizar o nosso site, por favor contacte-nos em:<\/p><p><strong>Endere\u00e7o: <\/strong><span class=\"bde-icon-list__text\">Rua William du Bois, n\u00ba28, 2110 Mindelo, S\u00e3o Vicente<\/span><\/p><p><strong>Telefone:<\/strong> <a class=\"breakdance-link bde-icon-list__item-wrapper\" href=\"tel:002385825661\" target=\"_self\" data-type=\"url\"><span class=\"bde-icon-list__text\">+238 5825661<\/span><\/a><span class=\"bde-icon-list__text\">\u00a0<\/span><\/p><p><strong>E-mail:<\/strong> <a class=\"breakdance-link bde-icon-list__item-wrapper\" href=\"mailto:info@consultoria.cv\" target=\"_self\" data-type=\"url\"><span class=\"bde-icon-list__text\">info@consultoria.cv<\/span><\/a><\/p><h4>\u00a0<\/h4><h4>Altera\u00e7\u00f5es a esta Pol\u00edtica de Privacidade<\/h4><p>Podemos modificar ou alterar esta Pol\u00edtica de Privacidade de tempos a tempos.<\/p><p>Para o informar quando fazemos altera\u00e7\u00f5es a esta Pol\u00edtica de Privacidade, alteraremos a data no topo desta p\u00e1gina. A nova, modificada ou alterada Pol\u00edtica de Privacidade ser\u00e1 aplicada a partir dessa data de revis\u00e3o. Portanto, incentivamo-lo a rever periodicamente esta Pol\u00edtica de Privacidade para estar informado sobre como estamos a proteger as suas informa\u00e7\u00f5es.<\/p><p>\u00a0<\/p><p>\u00a0<\/p><p>\u00a0<\/p><p>\u00a0<\/p>\n<\/div>\n<\/div><\/div>\n<\/section>","protected":false},"excerpt":{"rendered":"<p>Pol\u00edtica de Privacidade\u00a0 Estamos comprometidos em proteger a sua privacidade.Esta Pol\u00edtica de Privacidade explica que Informa\u00e7\u00f5es Pessoais a S&amp;D Consultoria Contabilidade e Gest\u00e3o, Lda, uma empresa registada em Cabo Verde, recolhe sobre si, para que as utilizamos, com quem as partilhamos e como as protegemos.Define tamb\u00e9m os seus direitos e quem pode contactar para obter [&hellip;]<\/p>\n","protected":false},"author":1,"featured_media":4059,"parent":0,"menu_order":0,"comment_status":"closed","ping_status":"closed","template":"","meta":{"_breakdance_hide_in_design_set":false,"_breakdance_tags":"","footnotes":""},"class_list":["post-44","page","type-page","status-publish","has-post-thumbnail","hentry"],"_links":{"self":[{"href":"https:\/\/consultoria.cv\/fr\/wp-json\/wp\/v2\/pages\/44","targetHints":{"allow":["GET"]}}],"collection":[{"href":"https:\/\/consultoria.cv\/fr\/wp-json\/wp\/v2\/pages"}],"about":[{"href":"https:\/\/consultoria.cv\/fr\/wp-json\/wp\/v2\/types\/page"}],"author":[{"embeddable":true,"href":"https:\/\/consultoria.cv\/fr\/wp-json\/wp\/v2\/users\/1"}],"replies":[{"embeddable":true,"href":"https:\/\/consultoria.cv\/fr\/wp-json\/wp\/v2\/comments?post=44"}],"version-history":[{"count":8,"href":"https:\/\/consultoria.cv\/fr\/wp-json\/wp\/v2\/pages\/44\/revisions"}],"predecessor-version":[{"id":4058,"href":"https:\/\/consultoria.cv\/fr\/wp-json\/wp\/v2\/pages\/44\/revisions\/4058"}],"wp:featuredmedia":[{"embeddable":true,"href":"https:\/\/consultoria.cv\/fr\/wp-json\/wp\/v2\/media\/4059"}],"wp:attachment":[{"href":"https:\/\/consultoria.cv\/fr\/wp-json\/wp\/v2\/media?parent=44"}],"curies":[{"name":"wp","href":"https:\/\/api.w.org\/{rel}","templated":true}]}}