{"id":3879,"date":"2026-03-09T18:08:10","date_gmt":"2026-03-09T19:08:10","guid":{"rendered":"https:\/\/consultoria.cv\/?page_id=3879"},"modified":"2026-04-14T12:27:56","modified_gmt":"2026-04-14T13:27:56","slug":"os-nossos-servicos-2","status":"publish","type":"page","link":"https:\/\/consultoria.cv\/fr\/os-nossos-servicos-2\/","title":{"rendered":"Nos services"},"content":{"rendered":"<section class=\"bde-section-3879-272 bde-section\">\n              \n  \n  \n\t\n\n  <div class=\"section-background-overlay\"><\/div>\n\n\n<div class=\"section-container\"><div class=\"bde-div-3879-273 bde-div\" data-entrance=\"slideUp\">\n  \n  \n\t\n\n\n\n<div class=\"bde-columns-3879-274 bde-columns\"><div class=\"bde-column-3879-275 bde-column\">\n  \n  \n\t\n\n\n\n<h1 class=\"bde-heading-3879-276 bde-heading\">\nOs nossos servi\u00e7os\n<\/h1>\n<\/div><\/div>\n<\/div><\/div>\n<\/section><section class=\"bde-section-3879-277 bde-section\">\n  \n  \n\t\n\n\n\n<div class=\"section-container\"><div class=\"bde-div-3879-295 bde-div\">\n  \n  \n\t\n\n\n\n<div class=\"bde-rich-text-3879-294 bde-rich-text breakdance-rich-text-styles\">\n<h1>Solu\u00e7\u00f5es Estrat\u00e9gicas para o Sucesso do Seu Neg\u00f3cio em Cabo Verde<\/h1>\n<\/div><div class=\"bde-rich-text-3879-297 bde-rich-text breakdance-rich-text-styles\">\n<h4>Consultoria personalizada para otimizar, gerir e fazer crescer a sua empresa com seguran\u00e7a.<\/h4>\n<\/div><div class=\"bde-rich-text-3879-298 bde-rich-text breakdance-rich-text-styles\">\n<p>Gerir uma empresa em Cabo Verde exige mais do que intui\u00e7\u00e3o, exige estrat\u00e9gia, rigor contabil\u00edstico e uma vis\u00e3o clara de futuro.<\/p><p>Muitas empresas estagnam n\u00e3o por falta de potencial, mas devido a processos operacionais ineficientes, falta de clareza financeira ou aus\u00eancia de um plano de crescimento estruturado.<\/p><p>A nossa miss\u00e3o \u00e9 atuar exatamente onde o seu neg\u00f3cio precisa de mais apoio, transformando desafios complexos em processos simples, transparentes e, acima de tudo, lucrativos. Conhe\u00e7a as solu\u00e7\u00f5es que desenh\u00e1mos para blindar a sua gest\u00e3o e acelerar os seus resultados.<\/p>\n<\/div>\n<\/div><div class=\"bde-div-3879-278 bde-div\" data-entrance=\"slideUp\">\n  \n  \n\t\n\n\n\n<div class=\"bde-columns-3879-279 bde-columns\"><div class=\"bde-column-3879-280 bde-column\">\n  \n  \n\t\n\n\n\n<div class=\"bde-icon-box-3879-281 bde-icon-box\">\n\n    \n            <div class=\"ee-iconbox-icon breakdance-icon-atom\" >\n    \n                    <svg xmlns=\"http:\/\/www.w3.org\/2000\/svg\" viewBox=\"0 0 512 512\"><!-- Font Awesome Free 5.15.1 by @fontawesome - https:\/\/fontawesome.com License - https:\/\/fontawesome.com\/license\/free (Icons: CC BY 4.0, Fonts: SIL OFL 1.1, Code: MIT License) --><path d=\"M496 384H64V80c0-8.84-7.16-16-16-16H16C7.16 64 0 71.16 0 80v336c0 17.67 14.33 32 32 32h464c8.84 0 16-7.16 16-16v-32c0-8.84-7.16-16-16-16zM464 96H345.94c-21.38 0-32.09 25.85-16.97 40.97l32.4 32.4L288 242.75l-73.37-73.37c-12.5-12.5-32.76-12.5-45.25 0l-68.69 68.69c-6.25 6.25-6.25 16.38 0 22.63l22.62 22.62c6.25 6.25 16.38 6.25 22.63 0L192 237.25l73.37 73.37c12.5 12.5 32.76 12.5 45.25 0l96-96 32.4 32.4c15.12 15.12 40.97 4.41 40.97-16.97V112c.01-8.84-7.15-16-15.99-16z\"\/><\/svg>\n        \n        \n        \n            <\/div>\n    \n\n<div class=\"ee-iconbox-content\">\n      <h3 class=\"ee-iconbox-title bde-h3\" >Gest\u00e3o Empresarial<\/h3>\n        <div class=\"ee-iconbox-text\" >Otimize os seus processos e aumente a rentabilidade. Oferecemos consultoria especializada para identificar gargalos operacionais, implementar ferramentas de gest\u00e3o modernas e potenciar o desempenho global da sua empresa.<\/div>\n                \n    \n    \n    \n    \n            \n                    \n            \n            \n\n    \n    \n    \n    \n    \n    <a class=\"breakdance-link button-atom button-atom--primary ee-iconbox-button\" href=\"https:\/\/consultoria.cv\/gestao-empresarial-2\/\" target=\"_self\" data-type=\"url\"  >\n\n    \n        <span class=\"button-atom__text\">Ver Gest\u00e3o Empresarial<\/span>\n\n        \n        \n                <\/a>\n\n    \n\n  <\/div>\n\n<\/div>\n<\/div><div class=\"bde-column-3879-282 bde-column\">\n  \n  \n\t\n\n\n\n<div class=\"bde-icon-box-3879-283 bde-icon-box\">\n\n    \n            <div class=\"ee-iconbox-icon breakdance-icon-atom\" >\n    \n                    <svg xmlns=\"http:\/\/www.w3.org\/2000\/svg\" viewBox=\"0 0 576 512\"><!-- Font Awesome Free 5.15.1 by @fontawesome - https:\/\/fontawesome.com License - https:\/\/fontawesome.com\/license\/free (Icons: CC BY 4.0, Fonts: SIL OFL 1.1, Code: MIT License) --><path d=\"M288 0c-69.59 0-126 56.41-126 126 0 56.26 82.35 158.8 113.9 196.02 6.39 7.54 17.82 7.54 24.2 0C331.65 284.8 414 182.26 414 126 414 56.41 357.59 0 288 0zm0 168c-23.2 0-42-18.8-42-42s18.8-42 42-42 42 18.8 42 42-18.8 42-42 42zM20.12 215.95A32.006 32.006 0 0 0 0 245.66v250.32c0 11.32 11.43 19.06 21.94 14.86L160 448V214.92c-8.84-15.98-16.07-31.54-21.25-46.42L20.12 215.95zM288 359.67c-14.07 0-27.38-6.18-36.51-16.96-19.66-23.2-40.57-49.62-59.49-76.72v182l192 64V266c-18.92 27.09-39.82 53.52-59.49 76.72-9.13 10.77-22.44 16.95-36.51 16.95zm266.06-198.51L416 224v288l139.88-55.95A31.996 31.996 0 0 0 576 426.34V176.02c0-11.32-11.43-19.06-21.94-14.86z\"\/><\/svg>\n        \n        \n        \n            <\/div>\n    \n\n<div class=\"ee-iconbox-content\">\n      <h3 class=\"ee-iconbox-title bde-h3\" >Plano de Neg\u00f3cios<\/h3>\n        <div class=\"ee-iconbox-text\" >Transformamos a sua vis\u00e3o em realidade estruturada. Criamos roteiros estrat\u00e9gicos detalhados, com an\u00e1lise de mercado e proje\u00e7\u00f5es financeiras, essenciais para captar investimento ou expandir a sua opera\u00e7\u00e3o em Cabo Verde.<\/div>\n                \n    \n    \n    \n    \n            \n                    \n            \n            \n\n    \n    \n    \n    \n    \n    <a class=\"breakdance-link button-atom button-atom--primary ee-iconbox-button\" href=\"https:\/\/consultoria.cv\/planos-de-negocios-2\/\" target=\"_self\" data-type=\"url\"  >\n\n    \n        <span class=\"button-atom__text\">Ver Plano de Neg\u00f3cios<\/span>\n\n        \n        \n                <\/a>\n\n    \n\n  <\/div>\n\n<\/div>\n<\/div><div class=\"bde-column-3879-284 bde-column\">\n  \n  \n\t\n\n\n\n<div class=\"bde-icon-box-3879-285 bde-icon-box\">\n\n    \n            <div class=\"ee-iconbox-icon breakdance-icon-atom\" >\n    \n                    <svg xmlns=\"http:\/\/www.w3.org\/2000\/svg\" viewBox=\"0 0 512 512\"><!-- Font Awesome Free 5.15.1 by @fontawesome - https:\/\/fontawesome.com License - https:\/\/fontawesome.com\/license\/free (Icons: CC BY 4.0, Fonts: SIL OFL 1.1, Code: MIT License) --><path d=\"M396.8 352h22.4c6.4 0 12.8-6.4 12.8-12.8V108.8c0-6.4-6.4-12.8-12.8-12.8h-22.4c-6.4 0-12.8 6.4-12.8 12.8v230.4c0 6.4 6.4 12.8 12.8 12.8zm-192 0h22.4c6.4 0 12.8-6.4 12.8-12.8V140.8c0-6.4-6.4-12.8-12.8-12.8h-22.4c-6.4 0-12.8 6.4-12.8 12.8v198.4c0 6.4 6.4 12.8 12.8 12.8zm96 0h22.4c6.4 0 12.8-6.4 12.8-12.8V204.8c0-6.4-6.4-12.8-12.8-12.8h-22.4c-6.4 0-12.8 6.4-12.8 12.8v134.4c0 6.4 6.4 12.8 12.8 12.8zM496 400H48V80c0-8.84-7.16-16-16-16H16C7.16 64 0 71.16 0 80v336c0 17.67 14.33 32 32 32h464c8.84 0 16-7.16 16-16v-16c0-8.84-7.16-16-16-16zm-387.2-48h22.4c6.4 0 12.8-6.4 12.8-12.8v-70.4c0-6.4-6.4-12.8-12.8-12.8h-22.4c-6.4 0-12.8 6.4-12.8 12.8v70.4c0 6.4 6.4 12.8 12.8 12.8z\"\/><\/svg>\n        \n        \n        \n            <\/div>\n    \n\n<div class=\"ee-iconbox-content\">\n      <h3 class=\"ee-iconbox-title bde-h3\" >Estudos de Viabilidade<\/h3>\n        <div class=\"ee-iconbox-text\" >Reduza a incerteza antes de investir. Analisamos minuciosamente a viabilidade econ\u00f3mica, financeira e de mercado do seu projeto, fornecendo dados concretos para decis\u00f5es seguras e minimiza\u00e7\u00e3o de riscos<\/div>\n                \n    \n    \n    \n    \n            \n                    \n            \n            \n\n    \n    \n    \n    \n    \n    <a class=\"breakdance-link button-atom button-atom--primary ee-iconbox-button\" href=\"https:\/\/consultoria.cv\/estudo-de-viabilidade-economica\/\" target=\"_self\" data-type=\"url\"  >\n\n    \n        <span class=\"button-atom__text\">Ver Estudo de viabilidade<\/span>\n\n        \n        \n                <\/a>\n\n    \n\n  <\/div>\n\n<\/div>\n<\/div><\/div>\n<\/div><div class=\"bde-div-3879-286 bde-div\" data-entrance=\"slideUp\">\n  \n  \n\t\n\n\n\n<div class=\"bde-columns-3879-287 bde-columns\"><div class=\"bde-column-3879-288 bde-column\">\n  \n  \n\t\n\n\n\n<div class=\"bde-icon-box-3879-289 bde-icon-box\">\n\n    \n            <div class=\"ee-iconbox-icon breakdance-icon-atom\" >\n    \n                    <svg xmlns=\"http:\/\/www.w3.org\/2000\/svg\" viewBox=\"0 0 384 512\"><!-- Font Awesome Free 5.15.1 by @fontawesome - https:\/\/fontawesome.com License - https:\/\/fontawesome.com\/license\/free (Icons: CC BY 4.0, Fonts: SIL OFL 1.1, Code: MIT License) --><path d=\"M181.9 256.1c-5-16-4.9-46.9-2-46.9 8.4 0 7.6 36.9 2 46.9zm-1.7 47.2c-7.7 20.2-17.3 43.3-28.4 62.7 18.3-7 39-17.2 62.9-21.9-12.7-9.6-24.9-23.4-34.5-40.8zM86.1 428.1c0 .8 13.2-5.4 34.9-40.2-6.7 6.3-29.1 24.5-34.9 40.2zM248 160h136v328c0 13.3-10.7 24-24 24H24c-13.3 0-24-10.7-24-24V24C0 10.7 10.7 0 24 0h200v136c0 13.2 10.8 24 24 24zm-8 171.8c-20-12.2-33.3-29-42.7-53.8 4.5-18.5 11.6-46.6 6.2-64.2-4.7-29.4-42.4-26.5-47.8-6.8-5 18.3-.4 44.1 8.1 77-11.6 27.6-28.7 64.6-40.8 85.8-.1 0-.1.1-.2.1-27.1 13.9-73.6 44.5-54.5 68 5.6 6.9 16 10 21.5 10 17.9 0 35.7-18 61.1-61.8 25.8-8.5 54.1-19.1 79-23.2 21.7 11.8 47.1 19.5 64 19.5 29.2 0 31.2-32 19.7-43.4-13.9-13.6-54.3-9.7-73.6-7.2zM377 105L279 7c-4.5-4.5-10.6-7-17-7h-6v128h128v-6.1c0-6.3-2.5-12.4-7-16.9zm-74.1 255.3c4.1-2.7-2.5-11.9-42.8-9 37.1 15.8 42.8 9 42.8 9z\"\/><\/svg>\n        \n        \n        \n            <\/div>\n    \n\n<div class=\"ee-iconbox-content\">\n      <h3 class=\"ee-iconbox-title bde-h3\" >Contabilidade<\/h3>\n        <div class=\"ee-iconbox-text\" >Gest\u00e3o contabil\u00edstica rigorosa e transparente. Garantimos que a sua empresa esteja em total conformidade com as normas nacionais\u00a0 permitindo-lhe focar no que realmente importa: crescer.<\/div>\n                \n    \n    \n    \n    \n            \n                    \n            \n            \n\n    \n    \n    \n    \n    \n    <a class=\"breakdance-link button-atom button-atom--primary ee-iconbox-button\" href=\"https:\/\/consultoria.cv\/contabilidade\/\" target=\"_self\" data-type=\"url\"  >\n\n    \n        <span class=\"button-atom__text\">Ver Contabilidade<\/span>\n\n        \n        \n                <\/a>\n\n    \n\n  <\/div>\n\n<\/div>\n<\/div><div class=\"bde-column-3879-290 bde-column\">\n  \n  \n\t\n\n\n\n<div class=\"bde-icon-box-3879-291 bde-icon-box\">\n\n    \n            <div class=\"ee-iconbox-icon breakdance-icon-atom\" >\n    \n                    <svg xmlns=\"http:\/\/www.w3.org\/2000\/svg\" viewBox=\"0 0 448 512\"><!-- Font Awesome Free 5.15.1 by @fontawesome - https:\/\/fontawesome.com License - https:\/\/fontawesome.com\/license\/free (Icons: CC BY 4.0, Fonts: SIL OFL 1.1, Code: MIT License) --><path d=\"M171.73,232.813A5.381,5.381,0,0,0,176.7,229.5,48.081,48.081,0,0,1,191.6,204.244c1.243-.828,1.657-2.484,1.657-4.141a4.22,4.22,0,0,0-2.071-3.312L74.429,128.473,148.958,85a9.941,9.941,0,0,0,4.968-8.281,9.108,9.108,0,0,0-4.968-8.281L126.6,55.6a9.748,9.748,0,0,0-9.523,0l-100.2,57.966a9.943,9.943,0,0,0-4.969,8.281V236.954a9.109,9.109,0,0,0,4.969,8.281L39.235,258.07a8.829,8.829,0,0,0,4.968,1.242,9.4,9.4,0,0,0,6.625-2.484,10.8,10.8,0,0,0,2.9-7.039V164.5L169.66,232.4A4.5,4.5,0,0,0,171.73,232.813ZM323.272,377.73a12.478,12.478,0,0,0-4.969,1.242l-74.528,43.062V287.882c0-2.9-2.9-5.8-6.211-4.555a53.036,53.036,0,0,1-28.984.414,4.86,4.86,0,0,0-6.21,4.555V421.619l-74.529-43.061a8.83,8.83,0,0,0-4.969-1.242,9.631,9.631,0,0,0-9.523,9.523v26.085a9.107,9.107,0,0,0,4.969,8.281l100.2,57.553A8.829,8.829,0,0,0,223.486,480a11.027,11.027,0,0,0,4.969-1.242l100.2-57.553a9.941,9.941,0,0,0,4.968-8.281V386.839C332.8,382.285,328.24,377.73,323.272,377.73ZM286.007,78a23,23,0,1,0-23-23A23,23,0,0,0,286.007,78Zm63.627-10.086a23,23,0,1,0,23,23A23,23,0,0,0,349.634,67.914ZM412.816,151.6a23,23,0,1,0-23-23A23,23,0,0,0,412.816,151.6Zm-63.182-9.2a23,23,0,1,0,23,23A23,23,0,0,0,349.634,142.4Zm-63.627,83.244a23,23,0,1,0-23-23A23,23,0,0,0,286.007,225.648Zm-62.074,36.358a23,23,0,1,0-23-23A23,23,0,0,0,223.933,262.006Zm188.883-82.358a23,23,0,1,0,23,23A23,23,0,0,0,412.816,179.648Zm0,72.272a23,23,0,1,0,23,23A23,23,0,0,0,412.816,251.92Z\"\/><\/svg>\n        \n        \n        \n            <\/div>\n    \n\n<div class=\"ee-iconbox-content\">\n      <h3 class=\"ee-iconbox-title bde-h3\" >Gest\u00e3o Recursos Humanos<\/h3>\n        <div class=\"ee-iconbox-text\" >Otimize o seu capital humano. Do recrutamento \u00e0 gest\u00e3o de performance, ajudamos a construir equipas motivadas e alinhadas com a cultura e os objetivos estrat\u00e9gicos da sua empresa.<\/div>\n                \n    \n    \n    \n    \n            \n                    \n            \n            \n\n    \n    \n    \n    \n    \n    <a class=\"breakdance-link button-atom button-atom--primary ee-iconbox-button\" href=\"https:\/\/consultoria.cv\/gestao-de-recursos-humanos\/\" target=\"_self\" data-type=\"url\"  >\n\n    \n        <span class=\"button-atom__text\">Ver Gest\u00e3o de RH<\/span>\n\n        \n        \n                <\/a>\n\n    \n\n  <\/div>\n\n<\/div>\n<\/div><div class=\"bde-column-3879-292 bde-column\">\n  \n  \n\t\n\n\n\n<div class=\"bde-icon-box-3879-293 bde-icon-box\">\n\n    \n            <div class=\"ee-iconbox-icon breakdance-icon-atom\" >\n    \n                    <svg xmlns=\"http:\/\/www.w3.org\/2000\/svg\" id=\"icon-pie-chart\" viewBox=\"0 0 32 32\">\n<path d=\"M14 18v-14c-7.732 0-14 6.268-14 14s6.268 14 14 14 14-6.268 14-14c0-2.251-0.532-4.378-1.476-6.262l-12.524 6.262zM28.524 7.738c-2.299-4.588-7.043-7.738-12.524-7.738v14l12.524-6.262z\"\/>\n<\/svg>\n        \n        \n        \n            <\/div>\n    \n\n<div class=\"ee-iconbox-content\">\n      <h3 class=\"ee-iconbox-title bde-h3\" >Acompanhamento Fiscal<\/h3>\n        <div class=\"ee-iconbox-text\" >Planeamento fiscal inteligente para minimizar custos e evitar riscos. Oferecemos suporte cont\u00ednuo na prepara\u00e7\u00e3o de declara\u00e7\u00f5es e otimiza\u00e7\u00e3o de benef\u00edcios fiscais em Cabo Verde.<\/div>\n                \n    \n    \n    \n    \n            \n                    \n            \n            \n\n    \n    \n    \n    \n    \n    <a class=\"breakdance-link button-atom button-atom--primary ee-iconbox-button\" href=\"https:\/\/consultoria.cv\/acompanhamento-fiscal\/\" target=\"_self\" data-type=\"url\"  >\n\n    \n        <span class=\"button-atom__text\">Ver Fiscalidade<\/span>\n\n        \n        \n                <\/a>\n\n    \n\n  <\/div>\n\n<\/div>\n<\/div><\/div>\n<\/div><div class=\"bde-globalblock-3879-296 bde-globalblock\"><section class=\"bde-section-3938-100-3938-1 bde-section bde-section-3938-100\">\n  \n  \n\t\n\n\n\n<div class=\"section-container\"><div class=\"bde-div-3938-101-3938-1 bde-div bde-div-3938-101\">\n  \n  \n\t\n\n\n\n<div class=\"bde-icon-3938-102-3938-1 bde-icon bde-icon-3938-102\">\n\n    \n            <div class=\"bde-icon-icon breakdance-icon-atom\" >\n    \n                    <svg xmlns=\"http:\/\/www.w3.org\/2000\/svg\" viewBox=\"0 0 448 512\"><!-- Font Awesome Free 5.15.1 by @fontawesome - https:\/\/fontawesome.com License - https:\/\/fontawesome.com\/license\/free (Icons: CC BY 4.0, Fonts: SIL OFL 1.1, Code: MIT License) --><path d=\"M400 480H48c-26.5 0-48-21.5-48-48V80c0-26.5 21.5-48 48-48h352c26.5 0 48 21.5 48 48v352c0 26.5-21.5 48-48 48zM238.1 177.9L102.4 313.6l-6.3 57.1c-.8 7.6 5.6 14.1 13.3 13.3l57.1-6.3L302.2 242c2.3-2.3 2.3-6.1 0-8.5L246.7 178c-2.5-2.4-6.3-2.4-8.6-.1zM345 165.1L314.9 135c-9.4-9.4-24.6-9.4-33.9 0l-23.1 23.1c-2.3 2.3-2.3 6.1 0 8.5l55.5 55.5c2.3 2.3 6.1 2.3 8.5 0L345 199c9.3-9.3 9.3-24.5 0-33.9z\"\/><\/svg>\n        \n        \n        \n            <\/div>\n    \n\n\n<\/div><div class=\"bde-div-3938-103-3938-1 bde-div bde-div-3938-103\">\n  \n  \n\t\n\n\n\n<h3 class=\"bde-heading-3938-104-3938-1 bde-heading bde-heading-3938-104\">\nAGENDE CONNOSCO UMA REUNI\u00c3O GRATUITA:\n<\/h3><a class=\"bde-text-link-3938-105-3938-1 bde-text-link bde-text-link-3938-105 breakdance-link\" href=\"tel: +238 582 56 61\" target=\"_self\" data-type=\"url\">\n  +238 582 56 61\n\n<\/a><div class=\"bde-text-3938-106-3938-1 bde-text bde-text-3938-106\">\nVamos conversar sobre o seu neg\u00f3cio e juntos encontrar as melhores solu\u00e7\u00f5es para si.\n<\/div>\n<\/div>\n<\/div><div class=\"bde-button-3938-107-3938-1 bde-button bde-button-3938-107\">\n        \n    \n    \n    \n    \n            \n                    \n            \n            \n\n    \n    \n    \n    \n    \n    <a class=\"breakdance-link button-atom button-atom--custom bde-button__button\" href=\"https:\/\/consultoria.cv\/contactos\/\" target=\"_self\" data-type=\"url\"  >\n\n    \n        <span class=\"button-atom__text\">Agendar reuni\u00e3o gratuita<\/span>\n\n        \n        \n                <\/a>\n\n    \n\n\n<\/div><\/div>\n<\/section><\/div><div class=\"bde-globalblock-3879-299 bde-globalblock\"><section class=\"bde-section-4436-100-4436-1 bde-section bde-section-4436-100\">\n              \n  \n  \n\t\n\n  <div class=\"section-background-overlay\"><\/div>\n\n\n<div class=\"section-container\"><div class=\"bde-div-4436-101-4436-1 bde-div bde-div-4436-101\" data-entrance=\"slideUp\">\n  \n  \n\t\n\n\n\n<div class=\"bde-columns-4436-102-4436-1 bde-columns bde-columns-4436-102\"><div class=\"bde-column-4436-103-4436-1 bde-column bde-column-4436-103\">\n  \n  \n\t\n\n\n\n<div class=\"bde-div-4436-104-4436-1 bde-div bde-div-4436-104\">\n  \n  \n\t\n\n\n\n<div class=\"bde-div-4436-105-4436-1 bde-div bde-div-4436-105\">\n  \n  \n\t\n\n\n\n\n<\/div><h3 class=\"bde-heading-4436-106-4436-1 bde-heading bde-heading-4436-106\">\nPedir Contacto\n<\/h3><div class=\"bde-div-4436-107-4436-1 bde-div bde-div-4436-107\">\n  \n  \n\t\n\n\n\n\n<\/div>\n<\/div>\n<\/div><\/div>\n<\/div><div class=\"bde-div-4436-108-4436-1 bde-div bde-div-4436-108\" data-entrance=\"slideUp\">\n  \n  \n\t\n\n\n\n<div class=\"bde-columns-4436-109-4436-1 bde-columns bde-columns-4436-109\"><div class=\"bde-column-4436-110-4436-1 bde-column bde-column-4436-110\">\n  \n  \n\t\n\n\n\n\n<\/div><div class=\"bde-column-4436-111-4436-1 bde-column bde-column-4436-111\">\n  \n  \n\t\n\n\n\n<div class=\"bde-shortcode-4436-112-4436-1 bde-shortcode bde-shortcode-4436-112\"><div class='fluentform ff-default fluentform_wrapper_1 ffs_default_wrap'><form data-form_id=\"1\" id=\"fluentform_1\" class=\"frm-fluent-form fluent_form_1 ff-el-form-top ff_form_instance_1_1 ff-form-loading ffs_default\" data-form_instance=\"ff_form_instance_1_1\" method=\"POST\" ><fieldset  style=\"border: none!important;margin: 0!important;padding: 0!important;background-color: transparent!important;box-shadow: none!important;outline: none!important; min-inline-size: 100%;\">\n                    <legend class=\"ff_screen_reader_title\" style=\"display: block; margin: 0!important;padding: 0!important;height: 0!important;text-indent: -999999px;width: 0!important;overflow:hidden;\">Contact Form Demo<\/legend><input type='hidden' name='__fluent_form_embded_post_id' value='3879' \/><input type=\"hidden\" id=\"_fluentform_1_fluentformnonce\" name=\"_fluentform_1_fluentformnonce\" value=\"22d45449fa\" \/><input type=\"hidden\" name=\"_wp_http_referer\" value=\"\/fr\/wp-json\/wp\/v2\/pages\/3879\" \/><div data-type=\"name-element\" data-name=\"names\" class=\" ff-field_container ff-name-field-wrapper\" ><div class='ff-t-container'><div class='ff-t-cell '><div class='ff-el-group'><div class=\"ff-el-input--label asterisk-right\"><label for='ff_1_names_first_name_' id='label_ff_1_names_first_name_' >First Name<\/label><\/div><div class='ff-el-input--content'><input type=\"text\" name=\"names[first_name]\" id=\"ff_1_names_first_name_\" class=\"ff-el-form-control\" placeholder=\"First Name\" aria-invalid=\"false\" aria-required=false><\/div><\/div><\/div><div class='ff-t-cell '><div class='ff-el-group'><div class=\"ff-el-input--label asterisk-right\"><label for='ff_1_names_last_name_' id='label_ff_1_names_last_name_' >Last Name<\/label><\/div><div class='ff-el-input--content'><input type=\"text\" name=\"names[last_name]\" id=\"ff_1_names_last_name_\" class=\"ff-el-form-control\" placeholder=\"Last Name\" aria-invalid=\"false\" aria-required=false><\/div><\/div><\/div><\/div><\/div><div class='ff-el-group'><div class=\"ff-el-input--label ff-el-is-required asterisk-right\"><label for='ff_1_email' id='label_ff_1_email' aria-label=\"Email\">Email<\/label><\/div><div class='ff-el-input--content'><input type=\"email\" name=\"email\" id=\"ff_1_email\" class=\"ff-el-form-control\" placeholder=\"Email Address\" data-name=\"email\"  aria-invalid=\"false\" aria-required=true><\/div><\/div><div class='ff-el-group'><div class=\"ff-el-input--label asterisk-right\"><label for='ff_1_subject' id='label_ff_1_subject' aria-label=\"Subject\">Subject<\/label><\/div><div class='ff-el-input--content'><input type=\"text\" name=\"subject\" class=\"ff-el-form-control\" placeholder=\"Subject\" data-name=\"subject\" id=\"ff_1_subject\"  aria-invalid=\"false\" aria-required=false><\/div><\/div><div class='ff-el-group'><div class=\"ff-el-input--label ff-el-is-required asterisk-right\"><label for='ff_1_message' id='label_ff_1_message' aria-label=\"Your Message\">Your Message<\/label><\/div><div class='ff-el-input--content'><textarea aria-required=\"true\" aria-labelledby=\"label_ff_1_message\" name=\"message\" id=\"ff_1_message\" class=\"ff-el-form-control\" placeholder=\"Your Message\" rows=\"4\" cols=\"2\" data-name=\"message\" ><\/textarea><\/div><\/div><div class='ff-el-group ff-text-left ff_submit_btn_wrapper'><button type=\"submit\" class=\"ff-btn ff-btn-submit ff-btn-md ff_btn_style wpf_has_custom_css\"  aria-label=\"Submit Form\">Submit Form<\/button><\/div><\/fieldset><\/form><div id='fluentform_1_errors' class='ff-errors-in-stack ff_form_instance_1_1 ff-form-loading_errors ff_form_instance_1_1_errors'><\/div><\/div>            <script type=\"text\/javascript\">\n                window.fluent_form_ff_form_instance_1_1 = {\"id\":\"1\",\"ajaxUrl\":\"https:\\\/\\\/consultoria.cv\\\/wp-admin\\\/admin-ajax.php\",\"settings\":{\"layout\":{\"labelPlacement\":\"top\",\"helpMessagePlacement\":\"with_label\",\"errorMessagePlacement\":\"inline\",\"cssClassName\":\"\",\"asteriskPlacement\":\"asterisk-right\"},\"restrictions\":{\"denyEmptySubmission\":{\"enabled\":false}}},\"form_instance\":\"ff_form_instance_1_1\",\"form_id_selector\":\"fluentform_1\",\"rules\":{\"names[first_name]\":{\"required\":{\"value\":false,\"message\":\"This field is required\",\"global\":false,\"global_message\":\"This field is required\"}},\"names[middle_name]\":{\"required\":{\"value\":false,\"message\":\"This field is required\",\"global\":false,\"global_message\":\"This field is required\"}},\"names[last_name]\":{\"required\":{\"value\":false,\"message\":\"This field is required\",\"global\":false,\"global_message\":\"This field is required\"}},\"email\":{\"required\":{\"value\":true,\"message\":\"This field is required\",\"global\":false,\"global_message\":\"This field is required\"},\"email\":{\"value\":true,\"message\":\"This field must contain a valid email\",\"global\":false,\"global_message\":\"This field must contain a valid email\"}},\"subject\":{\"required\":{\"value\":false,\"message\":\"This field is required\",\"global\":false,\"global_message\":\"This field is required\"}},\"message\":{\"required\":{\"value\":true,\"message\":\"This field is required\",\"global\":false,\"global_message\":\"This field is required\"}}},\"debounce_time\":300};\n                            <\/script>\n            <\/div>\n<\/div><div class=\"bde-column-4436-113-4436-1 bde-column bde-column-4436-113\">\n  \n  \n\t\n\n\n\n\n<\/div><\/div>\n<\/div><\/div>\n<\/section><\/div><\/div>\n<\/section>","protected":false},"excerpt":{"rendered":"<p>Os nossos servi\u00e7os Solu\u00e7\u00f5es Estrat\u00e9gicas para o Sucesso do Seu Neg\u00f3cio em Cabo Verde Consultoria personalizada para otimizar, gerir e fazer crescer a sua empresa com seguran\u00e7a. Gerir uma empresa em Cabo Verde exige mais do que intui\u00e7\u00e3o, exige estrat\u00e9gia, rigor contabil\u00edstico e uma vis\u00e3o clara de futuro.Muitas empresas estagnam n\u00e3o por falta de potencial, [&hellip;]<\/p>\n","protected":false},"author":1,"featured_media":1783,"parent":0,"menu_order":0,"comment_status":"closed","ping_status":"closed","template":"","meta":{"_breakdance_hide_in_design_set":false,"_breakdance_tags":"","footnotes":""},"class_list":["post-3879","page","type-page","status-publish","has-post-thumbnail","hentry"],"_links":{"self":[{"href":"https:\/\/consultoria.cv\/fr\/wp-json\/wp\/v2\/pages\/3879","targetHints":{"allow":["GET"]}}],"collection":[{"href":"https:\/\/consultoria.cv\/fr\/wp-json\/wp\/v2\/pages"}],"about":[{"href":"https:\/\/consultoria.cv\/fr\/wp-json\/wp\/v2\/types\/page"}],"author":[{"embeddable":true,"href":"https:\/\/consultoria.cv\/fr\/wp-json\/wp\/v2\/users\/1"}],"replies":[{"embeddable":true,"href":"https:\/\/consultoria.cv\/fr\/wp-json\/wp\/v2\/comments?post=3879"}],"version-history":[{"count":16,"href":"https:\/\/consultoria.cv\/fr\/wp-json\/wp\/v2\/pages\/3879\/revisions"}],"predecessor-version":[{"id":4442,"href":"https:\/\/consultoria.cv\/fr\/wp-json\/wp\/v2\/pages\/3879\/revisions\/4442"}],"wp:featuredmedia":[{"embeddable":true,"href":"https:\/\/consultoria.cv\/fr\/wp-json\/wp\/v2\/media\/1783"}],"wp:attachment":[{"href":"https:\/\/consultoria.cv\/fr\/wp-json\/wp\/v2\/media?parent=3879"}],"curies":[{"name":"wp","href":"https:\/\/api.w.org\/{rel}","templated":true}]}}