{"id":28,"date":"2024-09-25T23:37:58","date_gmt":"2024-09-26T00:37:58","guid":{"rendered":"https:\/\/consultoria.cv\/?page_id=28"},"modified":"2024-11-18T16:59:35","modified_gmt":"2024-11-18T17:59:35","slug":"cookies","status":"publish","type":"page","link":"https:\/\/consultoria.cv\/fr\/cookies\/","title":{"rendered":"CooKies"},"content":{"rendered":"<section class=\"bde-section-28-110 bde-section\">\n  \n  \n\t\n\n\n\n<div class=\"section-container\"><div class=\"bde-rich-text-28-111 bde-rich-text breakdance-rich-text-styles\">\n<h3>\u00a0<\/h3>\n<h3>\u00a0<\/h3>\n<h3>Aviso de Cookies<\/h3>\n<h4>O Que \u00e9 um Cookie?<\/h4>\n<p>Um cookie \u00e9 um pequeno ficheiro de texto colocado no seu dispositivo pelos websites que visita. Os cookies s\u00e3o ent\u00e3o enviados de volta para o website em cada visita subsequente ou para outra p\u00e1gina web que reconhe\u00e7a esse cookie. Os cookies s\u00e3o usados para fazer o website funcionar ou para funcionar de forma mais eficiente, bem como para fornecer informa\u00e7\u00f5es aos propriet\u00e1rios do website. Tais informa\u00e7\u00f5es podem ser usadas para fornecer um servi\u00e7o mais personalizado e responsivo. Os cookies podem ser cookies de primeira parte, definidos diretamente por n\u00f3s no seu dispositivo, ou cookies de terceiros, definidos por um fornecedor terceiro em nosso nome. Sempre que utiliza este sistema, informa\u00e7\u00f5es podem ser recolhidas atrav\u00e9s do uso de cookies e outras tecnologias semelhantes (por exemplo, web beacons, tags, scripts, armazenamento local).<\/p>\n<p>Este Aviso de Cookies faz parte da Pol\u00edtica de Privacidade. Para mais informa\u00e7\u00f5es sobre n\u00f3s e como processamos informa\u00e7\u00f5es pessoais, consulte a nossa Pol\u00edtica de Privacidade.<\/p>\n<h4>Cookies Que Utilizamos e Porqu\u00ea<\/h4>\n<p>Este sistema utiliza cookies e web beacons, que s\u00e3o classificados nas seguintes categorias:<\/p>\n<ol>\n<li>\n<p><strong>Cookies Estritamente Necess\u00e1rios<\/strong>: Estes cookies s\u00e3o necess\u00e1rios para o funcionamento do sistema e n\u00e3o podem ser desativados nos nossos sistemas. S\u00e3o definidos em resposta a a\u00e7\u00f5es realizadas por si que equivalem a uma solicita\u00e7\u00e3o de servi\u00e7os, como autentica\u00e7\u00e3o no sistema ou gest\u00e3o da sua sess\u00e3o com o servi\u00e7o solicitado.<\/p>\n<\/li>\n<li>\n<p><strong>Cookies de An\u00e1lise e Desempenho<\/strong>: Estes cookies s\u00e3o necess\u00e1rios para os nossos sistemas medirem estat\u00edsticas de audi\u00eancia e utiliza\u00e7\u00e3o, bem como o consumo de conte\u00fado. Permitem-nos obter informa\u00e7\u00f5es relevantes de utiliza\u00e7\u00e3o para produzir an\u00e1lises internas, de modo a monitorizar e melhorar o desempenho dos nossos sistemas.<\/p>\n<\/li>\n<li>\n<p><strong>Cookies de Prefer\u00eancia ou Funcionalidade<\/strong>: Estes cookies permitem que os websites recordem as prefer\u00eancias e escolhas dos utilizadores em rela\u00e7\u00e3o ao site (com a exclus\u00e3o dos cookies funcionais essenciais).<\/p>\n<\/li>\n<li>\n<p><strong>Cookies de Segmenta\u00e7\u00e3o ou Publicidade<\/strong>: Estes cookies rastreiam a atividade online dos utilizadores para criar perfis de utilizador e enviar publicidade, ou para rastrear o utilizador num website ou em v\u00e1rios websites para fins de marketing semelhantes.<\/p>\n<\/li>\n<\/ol>\n<p>Para visualizar a lista de cookies utilizados pelo sistema, clique no bot\u00e3o \"Atualizar as suas prefer\u00eancias de cookies\" no topo da p\u00e1gina.<\/p>\n<h4>Quanto Tempo os Cookies Permanecer\u00e3o no Meu Dispositivo?<\/h4>\n<p>A dura\u00e7\u00e3o dos cookies no seu dispositivo depende se \u00e9 um cookie \"persistente\" ou \"de sess\u00e3o\". Um cookie persistente ser\u00e1 armazenado pelo navegador web e permanecer\u00e1 v\u00e1lido at\u00e9 \u00e0 data de expira\u00e7\u00e3o definida, a menos que seja eliminado por si antes dessa data. Por outro lado, um cookie de sess\u00e3o expirar\u00e1 no final da sua sess\u00e3o web, quando o navegador web for fechado.<\/p>\n<h4>Como Posso Gerir os Cookies?<\/h4>\n<p>Pode gerir os cookies de v\u00e1rias formas. Lembre-se de que remover ou desativar certos cookies pode afetar a sua experi\u00eancia de utilizador e partes deste sistema podem deixar de funcionar corretamente.<\/p>\n<p>Pode alterar as suas prefer\u00eancias e configura\u00e7\u00f5es de cookies para cookies n\u00e3o essenciais a qualquer momento, clicando na op\u00e7\u00e3o \u201cGerir prefer\u00eancias de cookies\u201d no topo deste Aviso de Cookies.<\/p>\n<p>Tamb\u00e9m pode alterar as configura\u00e7\u00f5es do seu navegador para gerir cookies. Pode encontrar informa\u00e7\u00f5es detalhadas sobre como fazer isso em <a href=\"http:\/\/www.aboutcookies.org\/\" target=\"_new\" rel=\"noreferrer\" target=\"_blank\">AboutCookies.org<\/a>.<\/p>\n<p>\u00a0<\/p>\n<p>\u00a0<\/p>\n<p>\u00a0<\/p>\n<\/div><\/div>\n<\/section><section class=\"bde-section-28-112 bde-section\">\n  \n  \n\t\n\n\n\n<div class=\"section-container\"><div class=\"bde-columns-28-113 bde-columns\"><div class=\"bde-column-28-114 bde-column\">\n  \n  \n\t\n\n\n\n<div class=\"bde-image-28-115 bde-image\">\n<figure class=\"breakdance-image breakdance-image--884\">\n\t<div class=\"breakdance-image-container\">\n\t\t<div class=\"breakdance-image-clip\"><a class=\"breakdance-image-link breakdance-image-link--url\" href=\"https:\/\/consultoria.cv\/\" target=\"_self\" rel=\"noopener\" data-sub-html=\"\" data-lg-size=\"-\"><img loading=\"lazy\" decoding=\"async\" class=\"breakdance-image-object\" src=\"https:\/\/consultoria.cv\/wp-content\/uploads\/2023\/08\/SD-Logo-Redes.svg\" width=\"100\" height=\"100\" sizes=\"auto, (max-width: 100px) 100vw, 100px\"><\/a><\/div>\n\t<\/div><\/figure>\n\n<\/div><div class=\"bde-text-28-116 bde-text\">\nS&D Consultoria, Lda\n<\/div>\n<\/div><div class=\"bde-column-28-117 bde-column\">\n  \n  \n\t\n\n\n\n<h4 class=\"bde-heading-28-118 bde-heading\">\n<br>\n<\/h4><div class=\"bde-wp-menu-28-119 bde-wp-menu\">\n\n\n      \n        \n    <nav class=\"breakdance-menu breakdance-menu--collapse breakdance-menu--vertical   \">\n    <button class=\"breakdance-menu-toggle breakdance-menu-toggle--squeeze\" type=\"button\" aria-label=\"Open Menu\" aria-expanded=\"false\" aria-controls=\"menu-119\">\n                  <span class=\"breakdance-menu-toggle-icon\">\n            <span class=\"breakdance-menu-toggle-lines\"><\/span>\n          <\/span>\n            <\/button>\n    \n  <ul class=\"breakdance-menu-list\" id=\"menu-119\">\n              \n  \n    \n  <\/ul>\n  <\/nav>\n\n\n<\/div>\n<\/div><div class=\"bde-column-28-120 bde-column\">\n  \n  \n\t\n\n\n\n<h4 class=\"bde-heading-28-121 bde-heading\">\nContactos\n<\/h4><div class=\"bde-icon-list-28-122 bde-icon-list\">\n<ul>\n  \n              \n    <li>\n                      \n            \n            \n\n    \n    \n    \n    \n    \n    <a class=\"breakdance-link bde-icon-list__item-wrapper\" href=\"mailto:info@consultoria.cv\" target=\"_self\" data-type=\"url\"  >\n\n      \n      <span class='bde-icon-list__icon' aria-hidden='true'>\n        <svg xmlns=\"http:\/\/www.w3.org\/2000\/svg\" viewBox=\"0 0 512 512\"><!-- Font Awesome Free 5.15.1 by @fontawesome - https:\/\/fontawesome.com License - https:\/\/fontawesome.com\/license\/free (Icons: CC BY 4.0, Fonts: SIL OFL 1.1, Code: MIT License) --><path d=\"M502.3 190.8c3.9-3.1 9.7-.2 9.7 4.7V400c0 26.5-21.5 48-48 48H48c-26.5 0-48-21.5-48-48V195.6c0-5 5.7-7.8 9.7-4.7 22.4 17.4 52.1 39.5 154.1 113.6 21.1 15.4 56.7 47.8 92.2 47.6 35.7.3 72-32.8 92.3-47.6 102-74.1 131.6-96.3 154-113.7zM256 320c23.2.4 56.6-29.2 73.4-41.4 132.7-96.3 142.8-104.7 173.4-128.7 5.8-4.5 9.2-11.5 9.2-18.9v-19c0-26.5-21.5-48-48-48H48C21.5 64 0 85.5 0 112v19c0 7.4 3.4 14.3 9.2 18.9 30.6 23.9 40.7 32.4 173.4 128.7 16.8 12.2 50.2 41.8 73.4 41.4z\"\/><\/svg>\n      <\/span>\n      <span class='bde-icon-list__text' >\n      info@consultoria.cv\n      <\/span>\n                  <\/a>\n\n      \n    <\/li>\n\n  \n              \n    <li>\n                      \n            \n            \n\n    \n    \n    \n    \n    \n    <a class=\"breakdance-link bde-icon-list__item-wrapper\" href=\"tel:002389747653\" target=\"_self\" data-type=\"url\"  >\n\n      \n      <span class='bde-icon-list__icon' aria-hidden='true'>\n        <svg xmlns=\"http:\/\/www.w3.org\/2000\/svg\" id=\"icon-phone\" viewBox=\"0 0 32 32\">\n<path d=\"M22 20c-2 2-2 4-4 4s-4-2-6-4-4-4-4-6 2-2 4-4-4-8-6-8-6 6-6 6c0 4 4.109 12.109 8 16s12 8 16 8c0 0 6-4 6-6s-6-8-8-6z\"\/>\n<\/svg>\n      <\/span>\n      <span class='bde-icon-list__text' >\n      +238 978 72 86\n      <\/span>\n                  <\/a>\n\n      \n    <\/li>\n\n  \n              \n    <li>\n              <div class='bde-icon-list__item-wrapper'>\n      \n      <span class='bde-icon-list__icon' aria-hidden='true'>\n        <svg xmlns=\"http:\/\/www.w3.org\/2000\/svg\" viewBox=\"0 0 384 512\"><!-- Font Awesome Free 5.15.1 by @fontawesome - https:\/\/fontawesome.com License - https:\/\/fontawesome.com\/license\/free (Icons: CC BY 4.0, Fonts: SIL OFL 1.1, Code: MIT License) --><path d=\"M172.268 501.67C26.97 291.031 0 269.413 0 192 0 85.961 85.961 0 192 0s192 85.961 192 192c0 77.413-26.97 99.031-172.268 309.67-9.535 13.774-29.93 13.773-39.464 0zM192 272c44.183 0 80-35.817 80-80s-35.817-80-80-80-80 35.817-80 80 35.817 80 80 80z\"\/><\/svg>\n      <\/span>\n      <span class='bde-icon-list__text' >\n      Rua William du Bois, n\u00ba28, 2110 Mindelo, S\u00e3o Vicente\n      <\/span>\n              <\/div>\n      \n    <\/li>\n\n  <\/ul>\n\n<\/div><a class=\"bde-text-link-28-123 bde-text-link breakdance-link\" href=\"https:\/\/breakdance.com\/\" target=\"_self\" data-type=\"url\" rel=\"noopener noreferrer nofollow\">\n  Click Here\n\n<\/a>\n<\/div><div class=\"bde-column-28-124 bde-column\">\n  \n  \n\t\n\n\n\n<h4 class=\"bde-heading-28-125 bde-heading\">\nNewsletter\n<\/h4><div class=\"bde-text-28-126 bde-text\">\nSubscreva a nossa newsletter.\n<\/div><div class=\"bde-form-builder-28-127 bde-form-builder\">\n\n<form id=\"subscribe-form127\" class=\"breakdance-form breakdance-form--horizontal\" data-options=\"{&quot;slug&quot;:&quot;custom&quot;,&quot;name&quot;:&quot;Subscribe Form&quot;,&quot;ajaxUrl&quot;:&quot;https:\\\/\\\/consultoria.cv\\\/wp-admin\\\/admin-ajax.php&quot;,&quot;clearOnSuccess&quot;:true,&quot;hideOnSuccess&quot;:false,&quot;successMessage&quot;:&quot;A sua mensagem foi recebida&quot;,&quot;errorMessage&quot;:&quot;alguma coisa correu errada&quot;,&quot;redirect&quot;:false,&quot;redirectUrl&quot;:&quot;&quot;,&quot;customJavaScript&quot;:&quot;&quot;,&quot;recaptcha&quot;:{&quot;key&quot;:&quot;&quot;,&quot;enabled&quot;:false},&quot;honeypot_enabled&quot;:false,&quot;popupsOnSuccess&quot;:[],&quot;popupsOnError&quot;:[]}\" data-steps=\"0\" >\n  \n  \n  \n<div class=\"breakdance-form-field breakdance-form-field--email\" >\n    \n    \n    \n    <input\n    class=\"breakdance-form-field__input\"\n    id=\"email\"\n    aria-describedby=\"email\"\n    type=\"email\"\n    name=\"fields[email]\"\n    placeholder=\"Email\"\n    value=\"\"\n                \n        \n        \n    required\n    \n    \n    \n    \n    \n>\n\n\n    \n    \n<\/div><div class=\"breakdance-form-field breakdance-form-footer\">    \n    \n    \n    \n    \n            \n            <button type=\"submit\" class=\"button-atom button-atom--primary breakdance-form-button breakdance-form-button__submit\"  >\n    \n        <span class=\"button-atom__text\">Subscrever<\/span>\n\n        \n        \n            <\/button>\n    \n    <input type=\"hidden\" name=\"form_id\" value=\"127\">\n    <input type=\"hidden\" name=\"post_id\" value=\"28\">\n<\/div>\n\n  \n<\/form>\n\n\n<\/div><div class=\"bde-div-28-128 bde-div\">\n  \n  \n\t\n\n\n\n<div class=\"bde-text-28-129 bde-text\">\nSiga-nos\n<\/div><div class=\"bde-social-icons-28-130 bde-social-icons\">\n                  \n            \n            \n\n    \n    \n    \n    \n    \n    <a class=\"breakdance-link bde-social-icons__icon-wrapper bde-social-icons__icon-facebook\" href=\"https:\/\/www.facebook.com\/sdconsultoria238\" target=\"_self\" data-type=\"url\" aria-label=\"facebook\"  rel=\"noopener noreferrer nofollow\">\n\n             <svg xmlns=\"http:\/\/www.w3.org\/2000\/svg\" width=\"100%\" viewBox=\"0 0 24 24\">\n            <path d=\"M9 8h-3v4h3v12h5v-12h3.642l.358-4h-4v-1.667c0-.955.192-1.333 1.115-1.333h2.885v-5h-3.808c-3.596 0-5.192 1.583-5.192 4.615v3.385z\"\/>\n       <\/svg>\n              <\/a>\n\n                    \n            \n            \n\n    \n    \n    \n    \n    \n    <a class=\"breakdance-link bde-social-icons__icon-wrapper bde-social-icons__icon-instagram\" href=\"https:\/\/www.instagram.com\/sdconsultoria_238\/\" target=\"_self\" data-type=\"url\" aria-label=\"instagram\"  rel=\"noopener noreferrer nofollow\">\n\n             <svg xmlns=\"http:\/\/www.w3.org\/2000\/svg\" width=\"100%\" viewBox=\"0 0 24 24\">\n            <path d=\"M12 2.163c3.204 0 3.584.012 4.85.07 3.252.148 4.771 1.691 4.919 4.919.058 1.265.069 1.645.069 4.849 0 3.205-.012 3.584-.069 4.849-.149 3.225-1.664 4.771-4.919 4.919-1.266.058-1.644.07-4.85.07-3.204 0-3.584-.012-4.849-.07-3.26-.149-4.771-1.699-4.919-4.92-.058-1.265-.07-1.644-.07-4.849 0-3.204.013-3.583.07-4.849.149-3.227 1.664-4.771 4.919-4.919 1.266-.057 1.645-.069 4.849-.069zm0-2.163c-3.259 0-3.667.014-4.947.072-4.358.2-6.78 2.618-6.98 6.98-.059 1.281-.073 1.689-.073 4.948 0 3.259.014 3.668.072 4.948.2 4.358 2.618 6.78 6.98 6.98 1.281.058 1.689.072 4.948.072 3.259 0 3.668-.014 4.948-.072 4.354-.2 6.782-2.618 6.979-6.98.059-1.28.073-1.689.073-4.948 0-3.259-.014-3.667-.072-4.947-.196-4.354-2.617-6.78-6.979-6.98-1.281-.059-1.69-.073-4.949-.073zm0 5.838c-3.403 0-6.162 2.759-6.162 6.162s2.759 6.163 6.162 6.163 6.162-2.759 6.162-6.163c0-3.403-2.759-6.162-6.162-6.162zm0 10.162c-2.209 0-4-1.79-4-4 0-2.209 1.791-4 4-4s4 1.791 4 4c0 2.21-1.791 4-4 4zm6.406-11.845c-.796 0-1.441.645-1.441 1.44s.645 1.44 1.441 1.44c.795 0 1.439-.645 1.439-1.44s-.644-1.44-1.439-1.44z\"\/>\n       <\/svg>\n              <\/a>\n\n                    \n            \n            \n\n    \n    \n    \n    \n    \n    <a class=\"breakdance-link bde-social-icons__icon-wrapper bde-social-icons__icon-linkedin\" href=\"https:\/\/www.linkedin.com\/in\/sd-consultoria-13b604279\/\" target=\"_self\" data-type=\"url\" aria-label=\"linkedin\"  rel=\"noopener noreferrer nofollow\">\n\n             <svg xmlns=\"http:\/\/www.w3.org\/2000\/svg\" width=\"100%\" viewBox=\"-4 -2 32 32\">\n            <path d=\"M4.98 3.5c0 1.381-1.11 2.5-2.48 2.5s-2.48-1.119-2.48-2.5c0-1.38 1.11-2.5 2.48-2.5s2.48 1.12 2.48 2.5zm.02 4.5h-5v16h5v-16zm7.982 0h-4.968v16h4.969v-8.399c0-4.67 6.029-5.052 6.029 0v8.399h4.988v-10.131c0-7.88-8.922-7.593-11.018-3.714v-2.155z\"\/>\n       <\/svg>\n              <\/a>\n\n    \n<\/div>\n<\/div>\n<\/div><\/div><div class=\"bde-fancy-divider-28-131 bde-fancy-divider\">\n\n\n<div class=\"bde-fancy-divider__wrapper\">\n  <div class=\"bde-fancy-divider__separator   \">\n  \t  <\/div>\n<\/div>\n\n<\/div><div class=\"bde-text-28-132 bde-text\">\n\u00a9 2024 Morabeza Marketing  Digital. All Rights Reserved.\n<\/div><\/div>\n<\/section>","protected":false},"excerpt":{"rendered":"<p>\u00a0 \u00a0 Aviso de Cookies O Que \u00e9 um Cookie? Um cookie \u00e9 um pequeno ficheiro de texto colocado no seu dispositivo pelos websites que visita. Os cookies s\u00e3o ent\u00e3o enviados de volta para o website em cada visita subsequente ou para outra p\u00e1gina web que reconhe\u00e7a esse cookie. Os cookies s\u00e3o usados para fazer [&hellip;]<\/p>\n","protected":false},"author":1,"featured_media":0,"parent":0,"menu_order":0,"comment_status":"closed","ping_status":"closed","template":"","meta":{"_breakdance_hide_in_design_set":false,"_breakdance_tags":"","footnotes":""},"class_list":["post-28","page","type-page","status-publish","hentry"],"_links":{"self":[{"href":"https:\/\/consultoria.cv\/fr\/wp-json\/wp\/v2\/pages\/28","targetHints":{"allow":["GET"]}}],"collection":[{"href":"https:\/\/consultoria.cv\/fr\/wp-json\/wp\/v2\/pages"}],"about":[{"href":"https:\/\/consultoria.cv\/fr\/wp-json\/wp\/v2\/types\/page"}],"author":[{"embeddable":true,"href":"https:\/\/consultoria.cv\/fr\/wp-json\/wp\/v2\/users\/1"}],"replies":[{"embeddable":true,"href":"https:\/\/consultoria.cv\/fr\/wp-json\/wp\/v2\/comments?post=28"}],"version-history":[{"count":9,"href":"https:\/\/consultoria.cv\/fr\/wp-json\/wp\/v2\/pages\/28\/revisions"}],"predecessor-version":[{"id":2410,"href":"https:\/\/consultoria.cv\/fr\/wp-json\/wp\/v2\/pages\/28\/revisions\/2410"}],"wp:attachment":[{"href":"https:\/\/consultoria.cv\/fr\/wp-json\/wp\/v2\/media?parent=28"}],"curies":[{"name":"wp","href":"https:\/\/api.w.org\/{rel}","templated":true}]}}