{"id":3907,"date":"2026-03-09T18:04:52","date_gmt":"2026-03-09T19:04:52","guid":{"rendered":"https:\/\/consultoria.cv\/?page_id=3907"},"modified":"2026-03-10T12:44:03","modified_gmt":"2026-03-10T13:44:03","slug":"sobre-nos-2","status":"publish","type":"page","link":"https:\/\/consultoria.cv\/en\/sobre-nos-2\/","title":{"rendered":"About Us"},"content":{"rendered":"<section class=\"bde-section-3907-182 bde-section\">\n              \n  \n  \n\t\n\n  <div class=\"section-background-overlay\"><\/div>\n\n\n<div class=\"section-container\"><h1 class=\"bde-dual-heading-3907-184 bde-dual-heading\">\n\n\n            <span data-style=\"primary\" class=\"dual-heading--primary\">About<\/span>\n\n            <span data-style=\"primary\" class=\"dual-heading--primary\">us<\/span>\n\n\n\n<\/h1><div class=\"bde-div-3907-185 bde-div\">\n  \n  \n\t\n\n\n\n<div class=\"bde-fancy-divider-3907-186 bde-fancy-divider\">\n\n\n<div class=\"bde-fancy-divider__wrapper\">\n  <div class=\"bde-fancy-divider__separator\">\n  \t  <\/div>\n<\/div>\n\n<\/div>\n<\/div><\/div>\n<\/section><section class=\"bde-section-3907-355 bde-section\">\n  \n  \n\t\n\n\n\n<div class=\"section-container\"><div class=\"bde-div-3907-356 bde-div\" data-entrance=\"slideUp\">\n  \n  \n\t\n\n\n\n<div class=\"bde-columns-3907-357 bde-columns\"><div class=\"bde-column-3907-367 bde-column\">\n  \n  \n\t\n\n\n\n<div class=\"bde-div-3907-369 bde-div\">\n  \n  \n\t\n\n\n\n<div class=\"bde-div-3907-370 bde-div\">\n  \n  \n\t\n\n\n\n\n<\/div><h3 class=\"bde-heading-3907-371 bde-heading\">\nSobre a S&D Consultoria\n<\/h3><div class=\"bde-div-3907-372 bde-div\">\n  \n  \n\t\n\n\n\n\n<\/div>\n<\/div><div class=\"bde-rich-text-3907-397 bde-rich-text breakdance-rich-text-styles\">\n<p>Fundada em 2021, a S&amp;D Consultoria nasceu da paix\u00e3o e experi\u00eancia de mais de 20 anos dos nossos fundadores. Somos o seu parceiro de confian\u00e7a para solu\u00e7\u00f5es financeiras e empresariais em Cabo Verde, comprometidos em transformar desafios em oportunidades de crescimento.<\/p><p>With a team of highly qualified and experienced specialists, we are committed to providing high quality financial and business consultancy services, tailored to the specific needs of each client.\u00a0<\/p><p>Our personalised, client-focused approach sets us apart, allowing us to offer tailor-made solutions that drive our clients' success and sustainable growth.<\/p>\n<\/div><div class=\"bde-div-3907-374 bde-div\">\n  \n  \n\t\n\n\n\n<div class=\"bde-div-3907-375 bde-div\">\n  \n  \n\t\n\n\n\n\n<\/div><h3 class=\"bde-heading-3907-376 bde-heading\">\nA Equipa da S&D Consultoria<br>\n<\/h3><div class=\"bde-div-3907-377 bde-div\">\n  \n  \n\t\n\n\n\n\n<\/div>\n<\/div><div class=\"bde-rich-text-3907-398 bde-rich-text breakdance-rich-text-styles\">\n<p>With a team of certified specialists, we offer<\/p><ul><li>Strategic business plans<\/li><li>Detailed feasibility studies<\/li><li>Business management consultancy<\/li><li>Personalised financial solutions<\/li><\/ul><p>We value excellence, innovation and a commitment to quality in everything we do. Count on us for specialised guidance and effective solutions that drive your business success.<\/p>\n<\/div><div class=\"bde-div-3907-379 bde-div\">\n  \n  \n\t\n\n\n\n<div class=\"bde-div-3907-380 bde-div\">\n  \n  \n\t\n\n\n\n\n<\/div><h3 class=\"bde-heading-3907-381 bde-heading\">\nA nossa Miss\u00e3o<br>\n<\/h3><div class=\"bde-div-3907-382 bde-div\">\n  \n  \n\t\n\n\n\n\n<\/div>\n<\/div><div class=\"bde-rich-text-3907-399 bde-rich-text breakdance-rich-text-styles\">\n<p>Na S&amp;D Consultoria, a nossa miss\u00e3o \u00e9 clara: trabalhar lado a lado consigo para criar estrat\u00e9gias eficientes e sustent\u00e1veis que impulsionem o seu neg\u00f3cio. Acreditamos que o seu sucesso \u00e9 o nosso sucesso.<\/p>\n<\/div><div class=\"bde-div-3907-392 bde-div\">\n  \n  \n\t\n\n\n\n<div class=\"bde-div-3907-393 bde-div\">\n  \n  \n\t\n\n\n\n\n<\/div><h3 class=\"bde-heading-3907-394 bde-heading\">\nOs Nossos Valores<br>\n<\/h3><div class=\"bde-div-3907-395 bde-div\">\n  \n  \n\t\n\n\n\n\n<\/div>\n<\/div><div class=\"bde-tabs-3907-396 bde-tabs\">\n\n  \n        \n      <select aria-label=\"Content tabs\" class=\"bde-tabs__select js-tab-select\">\n      \n              <option value=\"tab-bde-tabs-3907-396-1\" data-value=\"1\">\n          Qualidade Certificada\n        <\/option>\n              <option value=\"tab-bde-tabs-3907-396-2\" data-value=\"2\">\n          Ethics and Integrity\n        <\/option>\n              <option value=\"tab-bde-tabs-3907-396-3\" data-value=\"3\">\n          Innovation, Growth and Results\n        <\/option>\n          <\/select>\n  \n  \n  <div class=\"bde-tabs__tabslist-container bde-tabs__tabslist-container--dropdown is-horizontal js-tabs-container\">\n    <div class=\"bde-tabs__tabslist bde-tabs__tabslist--pills js-tablist\" role=\"tablist\" aria-label=\"Content tabs\" aria-orientation=\"horizontal\" data-tabs-id=\"bde-tabs-3907-396\">\n      \n              <button role=\"tab\" aria-selected=\"false\" class=\"bde-tabs__tab js-tab\" aria-controls=\"tab-panel-bde-tabs-3907-396-1\" id=\"tab-bde-tabs-3907-396-1\" data-value=\"1\">\n                    <span class=\"bde-tabs__tab-title\">Qualidade Certificada<\/span>\n        <\/button>\n              <button role=\"tab\" aria-selected=\"false\" class=\"bde-tabs__tab js-tab\" aria-controls=\"tab-panel-bde-tabs-3907-396-2\" id=\"tab-bde-tabs-3907-396-2\" data-value=\"2\">\n                    <span class=\"bde-tabs__tab-title\">Ethics and Integrity<\/span>\n        <\/button>\n              <button role=\"tab\" aria-selected=\"false\" class=\"bde-tabs__tab js-tab\" aria-controls=\"tab-panel-bde-tabs-3907-396-3\" id=\"tab-bde-tabs-3907-396-3\" data-value=\"3\">\n                    <span class=\"bde-tabs__tab-title\">Innovation, Growth and Results<\/span>\n        <\/button>\n          <\/div>\n  <\/div>\n\n  <div class=\"bde-tabs-content-container\">\n        <div tabindex=\"0\" role=\"tabpanel\" class=\"bde-tabs__panel js-panel\" id=\"tab-panel-bde-tabs-3907-396-1\" aria-labelledby=\"tab-bde-tabs-3907-396-1\">\n      <div class=\"bde-tabs__panel-content breakdance-rich-text-styles\"><p>Buscamos constantemente a excel\u00eancia em todos os nossos projetos de <b data-path-to-node=\"6\" data-index-in-node=\"69\">consultoria empresarial em Cabo Verde<\/b>. A nossa <b data-path-to-node=\"6\" data-index-in-node=\"116\">qualidade certificada<\/b> traduz-se na aplica\u00e7\u00e3o rigorosa das melhores pr\u00e1ticas de mercado e das normas t\u00e9cnicas exigidas pelo setor. N\u00e3o nos limitamos a prestar um servi\u00e7o; asseguramos que cada solu\u00e7\u00e3o entregue aos nossos clientes atende aos mais elevados padr\u00f5es profissionais, garantindo que o seu neg\u00f3cio operar\u00e1 sempre com o m\u00e1ximo rigor t\u00e9cnico, efici\u00eancia operacional e total conformidade com as normas vigentes.<\/p><\/div>\n    <\/div>\n        <div tabindex=\"0\" role=\"tabpanel\" class=\"bde-tabs__panel js-panel\" id=\"tab-panel-bde-tabs-3907-396-2\" aria-labelledby=\"tab-bde-tabs-3907-396-2\">\n      <div class=\"bde-tabs__panel-content breakdance-rich-text-styles\"><p>A nossa conduta baseia-se na <b data-path-to-node=\"9\" data-index-in-node=\"30\">\u00e9tica e integridade<\/b> absoluta em todas as rela\u00e7\u00f5es profissionais. Entendemos que a confian\u00e7a \u00e9 o ativo mais valioso de qualquer empresa em <b data-path-to-node=\"9\" data-index-in-node=\"168\">Cape Verde<\/b>. Por isso, pautamos a nossa atua\u00e7\u00e3o pela transpar\u00eancia total, pelo cumprimento rigoroso dos compromissos assumidos e por uma confidencialidade inabal\u00e1vel. Para a S&amp;D Consultoria, atuar com \u00e9tica n\u00e3o \u00e9 apenas uma diretriz, \u00e9 a base sobre a qual constru\u00edmos parcerias de sucesso e rela\u00e7\u00f5es de longo prazo com os nossos clientes.<\/p><\/div>\n    <\/div>\n        <div tabindex=\"0\" role=\"tabpanel\" class=\"bde-tabs__panel js-panel\" id=\"tab-panel-bde-tabs-3907-396-3\" aria-labelledby=\"tab-bde-tabs-3907-396-3\">\n      <div class=\"bde-tabs__panel-content breakdance-rich-text-styles\"><p>Focamo-nos na <b data-path-to-node=\"12\" data-index-in-node=\"15\">inova\u00e7\u00e3o, crescimento e resultados<\/b> sustent\u00e1veis para o seu neg\u00f3cio. N\u00e3o entregamos apenas dados; entregamos estrat\u00e9gias que impulsionam a sua competitividade. Aliamos ferramentas de gest\u00e3o avan\u00e7adas a uma vis\u00e3o perspicaz do mercado cabo-verdiano para gerar <b data-path-to-node=\"12\" data-index-in-node=\"272\">crescimento empresarial<\/b> acelerado e rentabilidade comprovada. O nosso compromisso \u00e9 transformar a sua vis\u00e3o em metas alcan\u00e7\u00e1veis, preparando a sua empresa para os desafios futuros e para a lideran\u00e7a no seu setor de atua\u00e7\u00e3o.<\/p><\/div>\n    <\/div>\n      <\/div>\n\n<\/div>\n<\/div><\/div>\n<\/div><div class=\"bde-columns-3907-405 bde-columns\"><div class=\"bde-column-3907-406 bde-column\">\n  \n  \n\t\n\n\n\n<div class=\"bde-div-3907-400 bde-div\">\n  \n  \n\t\n\n\n\n<div class=\"bde-div-3907-401 bde-div\">\n  \n  \n\t\n\n\n\n\n<\/div><h3 class=\"bde-heading-3907-402 bde-heading\">\nA Nossa Vis\u00e3o<br>\n<\/h3><div class=\"bde-div-3907-403 bde-div\">\n  \n  \n\t\n\n\n\n\n<\/div>\n<\/div><div class=\"bde-rich-text-3907-408 bde-rich-text breakdance-rich-text-styles\">\n<p>We aspire to be the benchmark in business consultancy in Cape Verde, recognised by:<\/p><p>Excellence and innovation in the services provided<br \/>Ability to provide high-quality customised solutions<br \/>Strategic partnership that drives sustainable growth for our clients<\/p>\n<\/div>\n<\/div><\/div><\/div>\n<\/section><section class=\"bde-section-3907-310 bde-section\">\n  \n  \n\t\n\n\n\n<div class=\"section-container\"><div class=\"bde-globalblock-3907-411 bde-globalblock\"><section class=\"bde-section-3938-100-3938-1 bde-section bde-section-3938-100\">\n  \n  \n\t\n\n\n\n<div class=\"section-container\"><div class=\"bde-div-3938-101-3938-1 bde-div bde-div-3938-101\">\n  \n  \n\t\n\n\n\n<div class=\"bde-icon-3938-102-3938-1 bde-icon bde-icon-3938-102\">\n\n    \n            <div class=\"bde-icon-icon breakdance-icon-atom\" >\n    \n                    <svg xmlns=\"http:\/\/www.w3.org\/2000\/svg\" viewbox=\"0 0 448 512\"><!-- Font Awesome Free 5.15.1 by @fontawesome - https:\/\/fontawesome.com License - https:\/\/fontawesome.com\/license\/free (Icons: CC BY 4.0, Fonts: SIL OFL 1.1, Code: MIT License) --><path d=\"M400 480H48c-26.5 0-48-21.5-48-48V80c0-26.5 21.5-48 48-48h352c26.5 0 48 21.5 48 48v352c0 26.5-21.5 48-48 48zM238.1 177.9L102.4 313.6l-6.3 57.1c-.8 7.6 5.6 14.1 13.3 13.3l57.1-6.3L302.2 242c2.3-2.3 2.3-6.1 0-8.5L246.7 178c-2.5-2.4-6.3-2.4-8.6-.1zM345 165.1L314.9 135c-9.4-9.4-24.6-9.4-33.9 0l-23.1 23.1c-2.3 2.3-2.3 6.1 0 8.5l55.5 55.5c2.3 2.3 6.1 2.3 8.5 0L345 199c9.3-9.3 9.3-24.5 0-33.9z\"\/><\/svg>\n        \n        \n        \n            <\/div>\n    \n\n\n<\/div><div class=\"bde-div-3938-103-3938-1 bde-div bde-div-3938-103\">\n  \n  \n\t\n\n\n\n<h3 class=\"bde-heading-3938-104-3938-1 bde-heading bde-heading-3938-104\">\nBOOK A FREE MEETING WITH US:\n<\/h3><a class=\"bde-text-link-3938-105-3938-1 bde-text-link bde-text-link-3938-105 breakdance-link\" href=\"tel: +238 582 56 61\" target=\"_self\" data-type=\"url\">\n  +238 582 56 61\n\n<\/a><div class=\"bde-text-3938-106-3938-1 bde-text bde-text-3938-106\">\nLet's talk about your business and together find the best solutions for you.\n<\/div>\n<\/div>\n<\/div><div class=\"bde-button-3938-107-3938-1 bde-button bde-button-3938-107\">\n        \n    \n    \n    \n    \n            \n                    \n            \n            \n\n    \n    \n    \n    \n    \n    <a class=\"breakdance-link button-atom button-atom--custom bde-button__button\" href=\"https:\/\/consultoria.cv\/en\/contacts\/\" target=\"_self\" data-type=\"url\"  >\n\n    \n        <span class=\"button-atom__text\">Book a free meeting<\/span>\n\n        \n        \n                <\/a>\n\n    \n\n\n<\/div><\/div>\n<\/section><\/div><div class=\"bde-div-3907-311 bde-div\" data-entrance=\"slideUp\">\n  \n  \n\t\n\n\n\n<div class=\"bde-columns-3907-312 bde-columns\"><div class=\"bde-column-3907-313 bde-column\">\n  \n  \n\t\n\n\n\n<div class=\"bde-div-3907-314 bde-div\">\n  \n  \n\t\n\n\n\n<div class=\"bde-div-3907-315 bde-div\">\n  \n  \n\t\n\n\n\n\n<\/div><h3 class=\"bde-heading-3907-316 bde-heading\">\nPor Que Escolher a S&D Consultoria?<br>\n<\/h3><div class=\"bde-div-3907-317 bde-div\">\n  \n  \n\t\n\n\n\n\n<\/div>\n<\/div>\n<\/div><\/div>\n<\/div><div class=\"bde-div-3907-318 bde-div\" data-entrance=\"slideUp\">\n  \n  \n\t\n\n\n\n<div class=\"bde-columns-3907-319 bde-columns\"><div class=\"bde-column-3907-320 bde-column\">\n  \n  \n\t\n\n\n\n<div class=\"bde-div-3907-321 bde-div\">\n  \n  \n\t\n\n\n\n<div class=\"bde-icon-3907-322 bde-icon\">\n\n    \n            <div class=\"bde-icon-icon breakdance-icon-atom\" >\n    \n                    <svg xmlns=\"http:\/\/www.w3.org\/2000\/svg\" viewbox=\"0 0 576 512\"><!-- Font Awesome Free 5.15.1 by @fontawesome - https:\/\/fontawesome.com License - https:\/\/fontawesome.com\/license\/free (Icons: CC BY 4.0, Fonts: SIL OFL 1.1, Code: MIT License) --><path d=\"M288 0c-69.59 0-126 56.41-126 126 0 56.26 82.35 158.8 113.9 196.02 6.39 7.54 17.82 7.54 24.2 0C331.65 284.8 414 182.26 414 126 414 56.41 357.59 0 288 0zm0 168c-23.2 0-42-18.8-42-42s18.8-42 42-42 42 18.8 42 42-18.8 42-42 42zM20.12 215.95A32.006 32.006 0 0 0 0 245.66v250.32c0 11.32 11.43 19.06 21.94 14.86L160 448V214.92c-8.84-15.98-16.07-31.54-21.25-46.42L20.12 215.95zM288 359.67c-14.07 0-27.38-6.18-36.51-16.96-19.66-23.2-40.57-49.62-59.49-76.72v182l192 64V266c-18.92 27.09-39.82 53.52-59.49 76.72-9.13 10.77-22.44 16.95-36.51 16.95zm266.06-198.51L416 224v288l139.88-55.95A31.996 31.996 0 0 0 576 426.34V176.02c0-11.32-11.43-19.06-21.94-14.86z\"\/><\/svg>\n        \n        \n        \n            <\/div>\n    \n\n\n<\/div><h4 class=\"bde-heading-3907-323 bde-heading\">\nEstrat\u00e9gia de mercado\n<\/h4><div class=\"bde-rich-text-3907-409 bde-rich-text breakdance-rich-text-styles\">\n<p>Desenvolvemos uma <strong>estrat\u00e9gia de mercado<\/strong> personalizada, ouvindo as suas necessidades e objetivos. Atuamos com foco em <strong>consultoria empresarial em Cabo Verde<\/strong>, transformando desafios complexos em planos de a\u00e7\u00e3o que garantem a competitividade da sua organiza\u00e7\u00e3o frente \u00e0 concorr\u00eancia.<\/p>\n<\/div>\n<\/div><div class=\"bde-div-3907-325 bde-div\">\n  \n  \n\t\n\n\n\n<div class=\"bde-icon-3907-326 bde-icon\">\n\n    \n            <div class=\"bde-icon-icon breakdance-icon-atom\" >\n    \n                    <svg xmlns=\"http:\/\/www.w3.org\/2000\/svg\" viewbox=\"0 0 640 512\"><!-- Font Awesome Free 5.15.1 by @fontawesome - https:\/\/fontawesome.com License - https:\/\/fontawesome.com\/license\/free (Icons: CC BY 4.0, Fonts: SIL OFL 1.1, Code: MIT License) --><path d=\"M610.5 373.3c2.6-14.1 2.6-28.5 0-42.6l25.8-14.9c3-1.7 4.3-5.2 3.3-8.5-6.7-21.6-18.2-41.2-33.2-57.4-2.3-2.5-6-3.1-9-1.4l-25.8 14.9c-10.9-9.3-23.4-16.5-36.9-21.3v-29.8c0-3.4-2.4-6.4-5.7-7.1-22.3-5-45-4.8-66.2 0-3.3.7-5.7 3.7-5.7 7.1v29.8c-13.5 4.8-26 12-36.9 21.3l-25.8-14.9c-2.9-1.7-6.7-1.1-9 1.4-15 16.2-26.5 35.8-33.2 57.4-1 3.3.4 6.8 3.3 8.5l25.8 14.9c-2.6 14.1-2.6 28.5 0 42.6l-25.8 14.9c-3 1.7-4.3 5.2-3.3 8.5 6.7 21.6 18.2 41.1 33.2 57.4 2.3 2.5 6 3.1 9 1.4l25.8-14.9c10.9 9.3 23.4 16.5 36.9 21.3v29.8c0 3.4 2.4 6.4 5.7 7.1 22.3 5 45 4.8 66.2 0 3.3-.7 5.7-3.7 5.7-7.1v-29.8c13.5-4.8 26-12 36.9-21.3l25.8 14.9c2.9 1.7 6.7 1.1 9-1.4 15-16.2 26.5-35.8 33.2-57.4 1-3.3-.4-6.8-3.3-8.5l-25.8-14.9zM496 400.5c-26.8 0-48.5-21.8-48.5-48.5s21.8-48.5 48.5-48.5 48.5 21.8 48.5 48.5-21.7 48.5-48.5 48.5zM224 256c70.7 0 128-57.3 128-128S294.7 0 224 0 96 57.3 96 128s57.3 128 128 128zm201.2 226.5c-2.3-1.2-4.6-2.6-6.8-3.9l-7.9 4.6c-6 3.4-12.8 5.3-19.6 5.3-10.9 0-21.4-4.6-28.9-12.6-18.3-19.8-32.3-43.9-40.2-69.6-5.5-17.7 1.9-36.4 17.9-45.7l7.9-4.6c-.1-2.6-.1-5.2 0-7.8l-7.9-4.6c-16-9.2-23.4-28-17.9-45.7.9-2.9 2.2-5.8 3.2-8.7-3.8-.3-7.5-1.2-11.4-1.2h-16.7c-22.2 10.2-46.9 16-72.9 16s-50.6-5.8-72.9-16h-16.7C60.2 288 0 348.2 0 422.4V464c0 26.5 21.5 48 48 48h352c10.1 0 19.5-3.2 27.2-8.5-1.2-3.8-2-7.7-2-11.8v-9.2z\"\/><\/svg>\n        \n        \n        \n            <\/div>\n    \n\n\n<\/div><h4 class=\"bde-heading-3907-327 bde-heading\">\nAssessoria fiscal\n<\/h4><div class=\"bde-rich-text-3907-410 bde-rich-text breakdance-rich-text-styles\">\n<p>Oferecemos uma <b data-path-to-node=\"4,1,0\" data-index-in-node=\"35\">assessoria fiscal<\/b> rigorosa, essencial para o cumprimento de obriga\u00e7\u00f5es tribut\u00e1rias. O nosso planeamento tribut\u00e1rio inteligente protege o seu patrim\u00f3nio, assegura a <b data-path-to-node=\"4,1,0\" data-index-in-node=\"199\">tax compliance<\/b> e otimiza os resultados financeiros da sua empresa perante a legisla\u00e7\u00e3o cabo-verdiana.<\/p>\n<\/div>\n<\/div><div class=\"bde-div-3907-329 bde-div\">\n  \n  \n\t\n\n\n\n<div class=\"bde-icon-3907-330 bde-icon\">\n\n    \n            <div class=\"bde-icon-icon breakdance-icon-atom\" >\n    \n                    <svg xmlns=\"http:\/\/www.w3.org\/2000\/svg\" viewbox=\"0 0 512 512\"><!-- Font Awesome Free 5.15.1 by @fontawesome - https:\/\/fontawesome.com License - https:\/\/fontawesome.com\/license\/free (Icons: CC BY 4.0, Fonts: SIL OFL 1.1, Code: MIT License) --><path d=\"M496 384H64V80c0-8.84-7.16-16-16-16H16C7.16 64 0 71.16 0 80v336c0 17.67 14.33 32 32 32h464c8.84 0 16-7.16 16-16v-32c0-8.84-7.16-16-16-16zM464 96H345.94c-21.38 0-32.09 25.85-16.97 40.97l32.4 32.4L288 242.75l-73.37-73.37c-12.5-12.5-32.76-12.5-45.25 0l-68.69 68.69c-6.25 6.25-6.25 16.38 0 22.63l22.62 22.62c6.25 6.25 16.38 6.25 22.63 0L192 237.25l73.37 73.37c12.5 12.5 32.76 12.5 45.25 0l96-96 32.4 32.4c15.12 15.12 40.97 4.41 40.97-16.97V112c.01-8.84-7.15-16-15.99-16z\"\/><\/svg>\n        \n        \n        \n            <\/div>\n    \n\n\n<\/div><h4 class=\"bde-heading-3907-331 bde-heading\">\nGest\u00e3o de patrim\u00f3nio\n<\/h4><div class=\"bde-rich-text-3907-412 bde-rich-text breakdance-rich-text-styles\">\n<p>Fornecemos solu\u00e7\u00f5es integradas para a <b data-path-to-node=\"4,2,0\" data-index-in-node=\"61\">gest\u00e3o de patrim\u00f3nio<\/b>, focadas na prote\u00e7\u00e3o e valoriza\u00e7\u00e3o dos seus ativos. A nossa consultoria ajuda a estruturar o seu neg\u00f3cio de forma eficiente, promovendo o crescimento sustent\u00e1vel e garantindo seguran\u00e7a jur\u00eddica em todos os seus investimentos.<\/p>\n<\/div>\n<\/div><div class=\"bde-div-3907-333 bde-div\">\n  \n  \n\t\n\n\n\n<div class=\"bde-icon-3907-334 bde-icon\">\n\n    \n            <div class=\"bde-icon-icon breakdance-icon-atom\" >\n    \n                    <svg xmlns=\"http:\/\/www.w3.org\/2000\/svg\" viewbox=\"0 0 512 512\"><!-- Font Awesome Free 5.15.1 by @fontawesome - https:\/\/fontawesome.com License - https:\/\/fontawesome.com\/license\/free (Icons: CC BY 4.0, Fonts: SIL OFL 1.1, Code: MIT License) --><path d=\"M332.8 320h38.4c6.4 0 12.8-6.4 12.8-12.8V172.8c0-6.4-6.4-12.8-12.8-12.8h-38.4c-6.4 0-12.8 6.4-12.8 12.8v134.4c0 6.4 6.4 12.8 12.8 12.8zm96 0h38.4c6.4 0 12.8-6.4 12.8-12.8V76.8c0-6.4-6.4-12.8-12.8-12.8h-38.4c-6.4 0-12.8 6.4-12.8 12.8v230.4c0 6.4 6.4 12.8 12.8 12.8zm-288 0h38.4c6.4 0 12.8-6.4 12.8-12.8v-70.4c0-6.4-6.4-12.8-12.8-12.8h-38.4c-6.4 0-12.8 6.4-12.8 12.8v70.4c0 6.4 6.4 12.8 12.8 12.8zm96 0h38.4c6.4 0 12.8-6.4 12.8-12.8V108.8c0-6.4-6.4-12.8-12.8-12.8h-38.4c-6.4 0-12.8 6.4-12.8 12.8v198.4c0 6.4 6.4 12.8 12.8 12.8zM496 384H64V80c0-8.84-7.16-16-16-16H16C7.16 64 0 71.16 0 80v336c0 17.67 14.33 32 32 32h464c8.84 0 16-7.16 16-16v-32c0-8.84-7.16-16-16-16z\"\/><\/svg>\n        \n        \n        \n            <\/div>\n    \n\n\n<\/div><h4 class=\"bde-heading-3907-335 bde-heading\">\nComunica\u00e7\u00e3o Transparente\n<\/h4><div class=\"bde-rich-text-3907-413 bde-rich-text breakdance-rich-text-styles\">\n<p>Mantemos uma comunica\u00e7\u00e3o clara, transparente e constante ao longo de todo o processo. Para n\u00f3s, a <b data-path-to-node=\"4,3,0\" data-index-in-node=\"125\">gest\u00e3o de consultoria<\/b> baseia-se numa rela\u00e7\u00e3o de confian\u00e7a, onde o cliente tem total visibilidade sobre cada decis\u00e3o estrat\u00e9gica e o acompanhamento de cada projeto desenvolvido.<\/p>\n<\/div>\n<\/div>\n<\/div><div class=\"bde-column-3907-337 bde-column\">\n  \n  \n\t\n\n\n\n\n<\/div><div class=\"bde-column-3907-338 bde-column\">\n  \n  \n\t\n\n\n\n<div class=\"bde-div-3907-339 bde-div\">\n  \n  \n\t\n\n\n\n<div class=\"bde-icon-3907-340 bde-icon\">\n\n    \n            <div class=\"bde-icon-icon breakdance-icon-atom\" >\n    \n                    <svg xmlns=\"http:\/\/www.w3.org\/2000\/svg\" id=\"icon-user-check\" viewbox=\"0 0 32 32\">\n<path d=\"M30 19l-9 9-3-3-2 2 5 5 11-11z\"\/>\n<path d=\"M14 24h10v-3.598c-2.101-1.225-4.885-2.066-8-2.321v-1.649c2.203-1.242 4-4.337 4-7.432 0-4.971 0-9-6-9s-6 4.029-6 9c0 3.096 1.797 6.191 4 7.432v1.649c-6.784 0.555-12 3.888-12 7.918h14v-2z\"\/>\n<\/svg>\n        \n        \n        \n            <\/div>\n    \n\n\n<\/div><h4 class=\"bde-heading-3907-341 bde-heading\">\nAn\u00e1lise do crescimento\n<\/h4><div class=\"bde-rich-text-3907-414 bde-rich-text breakdance-rich-text-styles\">\n<p>Estamos dispon\u00edveis para apoi\u00e1-lo em cada etapa do seu percurso empresarial. Realizamos uma <b data-path-to-node=\"7,0,0\" data-index-in-node=\"117\">an\u00e1lise de crescimento<\/b> baseada em dados reais, ajudando a escalar o seu neg\u00f3cio com m\u00e9tricas de desempenho claras e uma vis\u00e3o de longo prazo para o seu sucesso.<\/p>\n<\/div>\n<\/div><div class=\"bde-div-3907-343 bde-div\">\n  \n  \n\t\n\n\n\n<div class=\"bde-icon-3907-344 bde-icon\">\n\n    \n            <div class=\"bde-icon-icon breakdance-icon-atom\" >\n    \n                    <svg xmlns=\"http:\/\/www.w3.org\/2000\/svg\" id=\"icon-newspaper\" viewbox=\"0 0 32 32\">\n<path d=\"M28 8v-4h-28v22c0 1.105 0.895 2 2 2h27c1.657 0 3-1.343 3-3v-17h-4zM26 26h-24v-20h24v20zM4 10h20v2h-20zM16 14h8v2h-8zM16 18h8v2h-8zM16 22h6v2h-6zM4 14h10v10h-10z\"\/>\n<\/svg>\n        \n        \n        \n            <\/div>\n    \n\n\n<\/div><h4 class=\"bde-heading-3907-345 bde-heading\">\nServi\u00e7os de auditoria\n<\/h4><div class=\"bde-rich-text-3907-415 bde-rich-text breakdance-rich-text-styles\">\n<p>Our <b data-path-to-node=\"7,1,0\" data-index-in-node=\"34\">servi\u00e7os de auditoria<\/b> s\u00e3o fundamentais para assegurar a transpar\u00eancia total das suas contas. Identificamos falhas de controlo interno, mitigamos riscos operacionais e garantimos que a sua estrutura contabil\u00edstica reflete a excel\u00eancia da sua gest\u00e3o<\/p>\n<\/div>\n<\/div><div class=\"bde-div-3907-347 bde-div\">\n  \n  \n\t\n\n\n\n<div class=\"bde-icon-3907-348 bde-icon\">\n\n    \n            <div class=\"bde-icon-icon breakdance-icon-atom\" >\n    \n                    <svg xmlns=\"http:\/\/www.w3.org\/2000\/svg\" viewbox=\"0 0 544 512\"><!-- Font Awesome Free 5.15.1 by @fontawesome - https:\/\/fontawesome.com License - https:\/\/fontawesome.com\/license\/free (Icons: CC BY 4.0, Fonts: SIL OFL 1.1, Code: MIT License) --><path d=\"M527.79 288H290.5l158.03 158.03c6.04 6.04 15.98 6.53 22.19.68 38.7-36.46 65.32-85.61 73.13-140.86 1.34-9.46-6.51-17.85-16.06-17.85zm-15.83-64.8C503.72 103.74 408.26 8.28 288.8.04 279.68-.59 272 7.1 272 16.24V240h223.77c9.14 0 16.82-7.68 16.19-16.8zM224 288V50.71c0-9.55-8.39-17.4-17.84-16.06C86.99 51.49-4.1 155.6.14 280.37 4.5 408.51 114.83 513.59 243.03 511.98c50.4-.63 96.97-16.87 135.26-44.03 7.9-5.6 8.42-17.23 1.57-24.08L224 288z\"\/><\/svg>\n        \n        \n        \n            <\/div>\n    \n\n\n<\/div><h4 class=\"bde-heading-3907-349 bde-heading\">\nGest\u00e3o de Processos\n<\/h4><div class=\"bde-rich-text-3907-416 bde-rich-text breakdance-rich-text-styles\">\n<p>Otimizamos a sua opera\u00e7\u00e3o interna atrav\u00e9s de uma <b data-path-to-node=\"7,2,0\" data-index-in-node=\"71\">gest\u00e3o de processos<\/b> \u00e1gil e eficiente. Eliminamos burocracias desnecess\u00e1rias e implementamos metodologias que aumentam a produtividade da sua equipa, permitindo-lhe focar no que realmente gera valor.<\/p>\n<\/div>\n<\/div><div class=\"bde-div-3907-351 bde-div\">\n  \n  \n\t\n\n\n\n<div class=\"bde-icon-3907-352 bde-icon\">\n\n    \n            <div class=\"bde-icon-icon breakdance-icon-atom\" >\n    \n                    <svg xmlns=\"http:\/\/www.w3.org\/2000\/svg\" viewbox=\"0 0 640 512\"><!-- Font Awesome Free 5.15.1 by @fontawesome - https:\/\/fontawesome.com License - https:\/\/fontawesome.com\/license\/free (Icons: CC BY 4.0, Fonts: SIL OFL 1.1, Code: MIT License) --><path d=\"M352 288h-16v-88c0-4.42-3.58-8-8-8h-13.58c-4.74 0-9.37 1.4-13.31 4.03l-15.33 10.22a7.994 7.994 0 0 0-2.22 11.09l8.88 13.31a7.994 7.994 0 0 0 11.09 2.22l.47-.31V288h-16c-4.42 0-8 3.58-8 8v16c0 4.42 3.58 8 8 8h64c4.42 0 8-3.58 8-8v-16c0-4.42-3.58-8-8-8zM608 64H32C14.33 64 0 78.33 0 96v320c0 17.67 14.33 32 32 32h576c17.67 0 32-14.33 32-32V96c0-17.67-14.33-32-32-32zM48 400v-64c35.35 0 64 28.65 64 64H48zm0-224v-64h64c0 35.35-28.65 64-64 64zm272 192c-53.02 0-96-50.15-96-112 0-61.86 42.98-112 96-112s96 50.14 96 112c0 61.87-43 112-96 112zm272 32h-64c0-35.35 28.65-64 64-64v64zm0-224c-35.35 0-64-28.65-64-64h64v64z\"\/><\/svg>\n        \n        \n        \n            <\/div>\n    \n\n\n<\/div><h4 class=\"bde-heading-3907-353 bde-heading\">\nSuporte \u00e0 Decis\u00e3o\n<\/h4><div class=\"bde-text-3907-354 bde-text\">\nAtuamos como o seu bra\u00e7o direito no suporte \u00e0 decis\u00e3o. Fornecemos intelig\u00eancia de neg\u00f3cio e relat\u00f3rios de gest\u00e3o precisos, transformando dados complexos em insights estrat\u00e9gicos que sustentam decis\u00f5es seguras e impulsionam o seu rendimento.\n<\/div>\n<\/div>\n<\/div><\/div>\n<\/div><\/div>\n<\/section>","protected":false},"excerpt":{"rendered":"<p>Sobre n\u00f3s Sobre a S&#038;D Consultoria Fundada em 2021, a S&amp;D Consultoria nasceu da paix\u00e3o e experi\u00eancia de mais de 20 anos dos nossos fundadores. Somos o seu parceiro de confian\u00e7a para solu\u00e7\u00f5es financeiras e empresariais em Cabo Verde, comprometidos em transformar desafios em oportunidades de crescimento.Com uma equipe de especialistas altamente qualificados e experientes, [&hellip;]<\/p>\n","protected":false},"author":2,"featured_media":1689,"parent":0,"menu_order":0,"comment_status":"closed","ping_status":"closed","template":"","meta":{"_breakdance_hide_in_design_set":false,"_breakdance_tags":"","footnotes":""},"class_list":["post-3907","page","type-page","status-publish","has-post-thumbnail","hentry"],"_links":{"self":[{"href":"https:\/\/consultoria.cv\/en\/wp-json\/wp\/v2\/pages\/3907","targetHints":{"allow":["GET"]}}],"collection":[{"href":"https:\/\/consultoria.cv\/en\/wp-json\/wp\/v2\/pages"}],"about":[{"href":"https:\/\/consultoria.cv\/en\/wp-json\/wp\/v2\/types\/page"}],"author":[{"embeddable":true,"href":"https:\/\/consultoria.cv\/en\/wp-json\/wp\/v2\/users\/2"}],"replies":[{"embeddable":true,"href":"https:\/\/consultoria.cv\/en\/wp-json\/wp\/v2\/comments?post=3907"}],"version-history":[{"count":4,"href":"https:\/\/consultoria.cv\/en\/wp-json\/wp\/v2\/pages\/3907\/revisions"}],"predecessor-version":[{"id":4057,"href":"https:\/\/consultoria.cv\/en\/wp-json\/wp\/v2\/pages\/3907\/revisions\/4057"}],"wp:featuredmedia":[{"embeddable":true,"href":"https:\/\/consultoria.cv\/en\/wp-json\/wp\/v2\/media\/1689"}],"wp:attachment":[{"href":"https:\/\/consultoria.cv\/en\/wp-json\/wp\/v2\/media?parent=3907"}],"curies":[{"name":"wp","href":"https:\/\/api.w.org\/{rel}","templated":true}]}}