{"id":3302,"date":"2025-05-14T21:05:11","date_gmt":"2025-05-14T22:05:11","guid":{"rendered":"https:\/\/consultoria.cv\/?page_id=3302"},"modified":"2025-05-16T20:57:37","modified_gmt":"2025-05-16T21:57:37","slug":"service-request-form","status":"publish","type":"page","link":"https:\/\/consultoria.cv\/en\/formulario-solicitacao-de-servicos\/","title":{"rendered":"Service Request Form"},"content":{"rendered":"<section class=\"bde-section-3302-100 bde-section\">\n  \n  \n\t\n\n\n\n<div class=\"section-container\"><h1 class=\"bde-heading-3302-101 bde-heading\">\nFormul\u00e1rio de integra\u00e7\u00e3o do cliente\n<\/h1><div class=\"bde-rich-text-3302-102 bde-rich-text breakdance-rich-text-styles\">\n<p>Est\u00e1 pronto para elevar o seu neg\u00f3cio ao pr\u00f3ximo n\u00edvel?<br \/>Preencha o formul\u00e1rio abaixo e a nossa equipa entrar\u00e1 em contacto consigo para agendar uma reuni\u00e3o gratuita e personalizada.<\/p>\n<\/div><div class=\"bde-shortcodewrapper-3302-103 bde-shortcodewrapper\"><div class='fluentform ff-default fluentform_wrapper_3 ffs_modern_l_wrap'><form data-form_id=\"3\" id=\"fluentform_3\" class=\"frm-fluent-form fluent_form_3 ff-el-form-top ff_form_instance_3_1 ff-form-loading ffs_modern_l\" data-form_instance=\"ff_form_instance_3_1\" method=\"POST\" ><fieldset  style=\"border: none!important;margin: 0!important;padding: 0!important;background-color: transparent!important;box-shadow: none!important;outline: none!important; min-inline-size: 100%;\">\n                    <legend class=\"ff_screen_reader_title\" style=\"display: block; margin: 0!important;padding: 0!important;height: 0!important;text-indent: -999999px;width: 0!important;overflow:hidden;\">Client registration form<\/legend><input type='hidden' name='__fluent_form_embded_post_id' value='3302' \/><input type=\"hidden\" id=\"_fluentform_3_fluentformnonce\" name=\"_fluentform_3_fluentformnonce\" value=\"d9848c8d21\" \/><input type=\"hidden\" name=\"_wp_http_referer\" value=\"\/en\/wp-json\/wp\/v2\/pages\/3302\" \/><div data-name=\"ff_cn_id_1\"  class='ff-t-container ff-column-container ff_columns_total_1 '><div class='ff-t-cell ff-t-column-1' style='flex-basis: 100%;'><div class='ff-el-group'><div class=\"ff-el-input--label ff-el-is-required asterisk-right\"><label for='ff_3_input_text' id='label_ff_3_input_text' aria-label=\"Nome de Empresa\">Nome de Empresa<\/label><\/div><div class='ff-el-input--content'><input type=\"text\" name=\"input_text\" class=\"ff-el-form-control\" data-name=\"input_text\" id=\"ff_3_input_text\"  aria-invalid=\"false\" aria-required=true><\/div><\/div><div class='ff-el-group'><div class=\"ff-el-input--label ff-el-is-required asterisk-right\"><label for='ff_3_input_text_2' id='label_ff_3_input_text_2' aria-label=\"NIF\">NIF<\/label><\/div><div class='ff-el-input--content'><input type=\"text\" name=\"input_text_2\" class=\"ff-el-form-control\" data-name=\"input_text_2\" id=\"ff_3_input_text_2\"  aria-invalid=\"false\" aria-required=true><\/div><\/div><div class='ff-el-group'><div class=\"ff-el-input--label ff-el-is-required asterisk-right\"><label for='ff_3_input_text_1' id='label_ff_3_input_text_1' aria-label=\"Sector de actividade\">Sector de actividade<\/label><\/div><div class='ff-el-input--content'><input type=\"text\" name=\"input_text_1\" class=\"ff-el-form-control\" data-name=\"input_text_1\" id=\"ff_3_input_text_1\"  aria-invalid=\"false\" aria-required=true><\/div><\/div><div class='ff-el-group'><div class=\"ff-el-input--label asterisk-right\"><label for='ff_3_numeric_field' id='label_ff_3_numeric_field' aria-label=\"N\u00famero de Colaboradores\">N\u00famero de Colaboradores<\/label><\/div><div class='ff-el-input--content'><input type=\"number\" name=\"numeric_field\" id=\"ff_3_numeric_field\" class=\"ff-el-form-control\" data-name=\"numeric_field\" inputmode=\"numeric\" step=\"any\"  aria-invalid=\"false\" aria-required=false><\/div><\/div><\/div><\/div><div data-name=\"ff_cn_id_2\"  class='ff-t-container ff-column-container ff_columns_total_1 '><div class='ff-t-cell ff-t-column-1' style='flex-basis: 100%;'><div data-type=\"name-element\" data-name=\"names\" class=\" ff-field_container ff-name-field-wrapper\" ><div class='ff-t-container'><div class='ff-t-cell '><div class='ff-el-group ff-el-form-top'><div class=\"ff-el-input--label ff-el-is-required asterisk-right\"><label for='ff_3_names_first_name_' id='label_ff_3_names_first_name_' >O seu nome<\/label><\/div><div class='ff-el-input--content'><input type=\"text\" name=\"names[first_name]\" id=\"ff_3_names_first_name_\" class=\"ff-el-form-control\" placeholder=\"Enter Your First Name\" aria-invalid=\"false\" aria-required=true><\/div><\/div><\/div><div class='ff-t-cell '><div class='ff-el-group ff-el-form-top'><div class=\"ff-el-input--label ff-el-is-required asterisk-right\"><label for='ff_3_names_last_name_' id='label_ff_3_names_last_name_' >Apelido<\/label><\/div><div class='ff-el-input--content'><input type=\"text\" name=\"names[last_name]\" id=\"ff_3_names_last_name_\" class=\"ff-el-form-control\" placeholder=\"Enter Your Last Name\" aria-invalid=\"false\" aria-required=true><\/div><\/div><\/div><\/div><\/div><div class='ff-el-group'><div class=\"ff-el-input--label asterisk-right\"><label for='ff_3_input_text_3' id='label_ff_3_input_text_3' aria-label=\"O seu Cargo\">O seu Cargo<\/label><\/div><div class='ff-el-input--content'><input type=\"text\" name=\"input_text_3\" class=\"ff-el-form-control\" data-name=\"input_text_3\" id=\"ff_3_input_text_3\"  aria-invalid=\"false\" aria-required=false><\/div><\/div><div class='ff-el-group'><div class=\"ff-el-input--label ff-el-is-required asterisk-right\"><label for='ff_3_email' id='label_ff_3_email' aria-label=\"Email\">Email<\/label><\/div><div class='ff-el-input--content'><input type=\"email\" name=\"email\" id=\"ff_3_email\" class=\"ff-el-form-control\" placeholder=\"Email Address\" data-name=\"email\"  aria-invalid=\"false\" aria-required=true><\/div><\/div><div class='ff-el-group'><div class=\"ff-el-input--label asterisk-right\"><label for='ff_3_phone' id='label_ff_3_phone' aria-label=\"Telefone\">Telefone<\/label><\/div><div class='ff-el-input--content'><input name=\"phone\" class=\"ff-el-form-control ff-el-phone\" type=\"tel\" data-name=\"phone\" id=\"ff_3_phone\" inputmode=\"tel\"  aria-invalid='false' aria-required=false><\/div><\/div><\/div><\/div><div class='ff-el-group'><div class=\"ff-el-input--label asterisk-right\"><label   aria-label=\"Selecione os servi\u00e7os que pretende contratar:\">Selecione os servi\u00e7os que pretende contratar:<\/label><\/div><div class='ff-el-input--content'><div class='ff-el-form-check ff-el-form-check-'><label class='ff-el-form-check-label' for='checkbox23_9a15cd86a3f11abc07a2b3d8a82de071'><input  type=\"checkbox\" name=\"checkbox23[]\" data-name=\"checkbox23\" class=\"ff-el-form-check-input ff-el-form-check-checkbox\" value=\"Plano de Neg\u00f3cios\"  id='checkbox23_9a15cd86a3f11abc07a2b3d8a82de071' aria-label='Plano de Neg\u00f3cios' aria-invalid='false' aria-required=false> <span>Plano de Neg\u00f3cios<\/span><\/label><\/div><div class='ff-el-form-check ff-el-form-check-'><label class='ff-el-form-check-label' for='checkbox23_c9c53d0456710b1e40ab66de099a1496'><input  type=\"checkbox\" name=\"checkbox23[]\" data-name=\"checkbox23\" class=\"ff-el-form-check-input ff-el-form-check-checkbox\" value=\"Estudo de Viabilidade Econ\u00f3mica\"  id='checkbox23_c9c53d0456710b1e40ab66de099a1496' aria-label='Estudo de Viabilidade Econ\u00f3mica' aria-invalid='false' aria-required=false> <span>Estudo de Viabilidade Econ\u00f3mica<\/span><\/label><\/div><div class='ff-el-form-check ff-el-form-check-'><label class='ff-el-form-check-label' for='checkbox23_19e30c2f9e798d35a66b8234461b26d9'><input  type=\"checkbox\" name=\"checkbox23[]\" data-name=\"checkbox23\" class=\"ff-el-form-check-input ff-el-form-check-checkbox\" value=\" Gest\u00e3o Empresarial\"  id='checkbox23_19e30c2f9e798d35a66b8234461b26d9' aria-label='Gest\u00e3o Empresarial' aria-invalid='false' aria-required=false> <span> Gest\u00e3o Empresarial<\/span><\/label><\/div><div class='ff-el-form-check ff-el-form-check-'><label class='ff-el-form-check-label' for='checkbox23_0e155aa9dc1496c0504ac8ff033d78c5'><input  type=\"checkbox\" name=\"checkbox23[]\" data-name=\"checkbox23\" class=\"ff-el-form-check-input ff-el-form-check-checkbox\" value=\"Contabilidade e Fiscalidade\"  id='checkbox23_0e155aa9dc1496c0504ac8ff033d78c5' aria-label='Contabilidade e Fiscalidade' aria-invalid='false' aria-required=false> <span>Contabilidade e Fiscalidade<\/span><\/label><\/div><div class='ff-el-form-check ff-el-form-check-'><label class='ff-el-form-check-label' for='checkbox23_376ed2ec4323b024fe1144b444fd05c7'><input  type=\"checkbox\" name=\"checkbox23[]\" data-name=\"checkbox23\" class=\"ff-el-form-check-input ff-el-form-check-checkbox\" value=\"Consultoria Financeira\"  id='checkbox23_376ed2ec4323b024fe1144b444fd05c7' aria-label='Consultoria Financeira' aria-invalid='false' aria-required=false> <span>Consultoria Financeira<\/span><\/label><\/div><\/div><\/div><div class='ff-el-group'><div class=\"ff-el-input--label asterisk-right\"><label for='ff_3_description' id='label_ff_3_description' aria-label=\"Outros Servi\u00e7os\">Outros Servi\u00e7os<\/label><\/div><div class='ff-el-input--content'><textarea aria-required=\"false\" aria-labelledby=\"label_ff_3_description\" name=\"description\" id=\"ff_3_description\" class=\"ff-el-form-control\" rows=\"3\" cols=\"2\" data-name=\"description\" ><\/textarea><\/div><\/div><div class='ff-el-group'><div class=\"ff-el-input--label asterisk-right\"><label for='ff_3_description_1' id='label_ff_3_description_1' aria-label=\"Objetivos com o Servi\u00e7o : Explique brevemente o que pretende alcan\u00e7ar com este servi\u00e7o\">Objetivos com o Servi\u00e7o : Explique brevemente o que pretende alcan\u00e7ar com este servi\u00e7o<\/label><\/div><div class='ff-el-input--content'><textarea aria-required=\"false\" aria-labelledby=\"label_ff_3_description_1\" name=\"description_1\" id=\"ff_3_description_1\" class=\"ff-el-form-control\" rows=\"3\" cols=\"2\" data-name=\"description_1\" ><\/textarea><\/div><\/div><div class='ff-el-group'><div class=\"ff-el-input--label asterisk-right\"><label   aria-label=\"Urg\u00eancia do Projeto\">Urg\u00eancia do Projeto<\/label><\/div><div class='ff-el-input--content'><div class='ff-el-form-check ff-el-form-check-'><label class='ff-el-form-check-label' for='checkbox_1_dd2f2e28916f22d902fc7d787491d364'><input  type=\"checkbox\" name=\"checkbox_1[]\" data-name=\"checkbox_1\" class=\"ff-el-form-check-input ff-el-form-check-checkbox\" value=\"Urgente (menos de 1 m\u00eas)\"  id='checkbox_1_dd2f2e28916f22d902fc7d787491d364' aria-label='Urgente (menos de 1 m\u00eas)' aria-invalid='false' aria-required=false> <span>Urgente (menos de 1 m\u00eas)<\/span><\/label><\/div><div class='ff-el-form-check ff-el-form-check-'><label class='ff-el-form-check-label' for='checkbox_1_5543cd62fad245a13dc93cd199351b30'><input  type=\"checkbox\" name=\"checkbox_1[]\" data-name=\"checkbox_1\" class=\"ff-el-form-check-input ff-el-form-check-checkbox\" value=\"Curto prazo (1-3 meses)\"  id='checkbox_1_5543cd62fad245a13dc93cd199351b30' aria-label='Curto prazo (1-3 meses)' aria-invalid='false' aria-required=false> <span>Curto prazo (1-3 meses)<\/span><\/label><\/div><div class='ff-el-form-check ff-el-form-check-'><label class='ff-el-form-check-label' for='checkbox_1_7a112dddb177b6fe34c3757d531e5ee4'><input  type=\"checkbox\" name=\"checkbox_1[]\" data-name=\"checkbox_1\" class=\"ff-el-form-check-input ff-el-form-check-checkbox\" value=\"M\u00e9dio prazo (3-6 meses)\"  id='checkbox_1_7a112dddb177b6fe34c3757d531e5ee4' aria-label='M\u00e9dio prazo (3-6 meses)' aria-invalid='false' aria-required=false> <span>M\u00e9dio prazo (3-6 meses)<\/span><\/label><\/div><div class='ff-el-form-check ff-el-form-check-'><label class='ff-el-form-check-label' for='checkbox_1_0de310732d079224e12147053410a56d'><input  type=\"checkbox\" name=\"checkbox_1[]\" data-name=\"checkbox_1\" class=\"ff-el-form-check-input ff-el-form-check-checkbox\" value=\" Sem urg\u00eancia espec\u00edfica\"  id='checkbox_1_0de310732d079224e12147053410a56d' aria-label='Sem urg\u00eancia espec\u00edfica' aria-invalid='false' aria-required=false> <span> Sem urg\u00eancia espec\u00edfica<\/span><\/label><\/div><\/div><\/div><div class='ff-el-group'><div class=\"ff-el-input--label asterisk-right\"><label for='ff_3_dropdown25' id='label_ff_3_dropdown25' aria-label=\"Prefer\u00eancia de Contacto\">Prefer\u00eancia de Contacto<\/label><\/div><div class='ff-el-input--content'><select name=\"dropdown25\" id=\"ff_3_dropdown25\" class=\"ff-el-form-control\" data-name=\"dropdown25\" data-calc_value=\"0\"  aria-invalid=\"false\" aria-required=\"false\" aria-labelledby=\"label_ff_3_dropdown25\"><option value=\"\">- Selecionar -<\/option><option value=\"Telefone\"  >Telefone<\/option><option value=\"Email\"  >Email<\/option><option value=\"WhatsApp\"  >WhatsApp<\/option><\/select><\/div><\/div><div class='ff-el-group    ff-el-input--content'><div class='ff-el-form-check ff-el-tc'><label aria-label='Terms and Conditions: \ud83d\udd12 Os seus dados ser\u00e3o tratados com total confidencialidade. Ao submeter este formul\u00e1rio, concorda com a nossa Pol\u00edtica de Privacidade. Contains 1 link. Use tab navigation to review.' class='ff-el-form-check-label ff_tc_label' for=terms-n-condition_ec4dea39e51d82f8c8f525da9583d2ac><span class='ff_tc_checkbox'><input type=\"checkbox\" name=\"terms-n-condition\" class=\"ff-el-form-check-input\" data-name=\"terms-n-condition\" id=\"terms-n-condition_ec4dea39e51d82f8c8f525da9583d2ac\"  value='on' aria-invalid='false' aria-required=true><\/span> <div class='ff_t_c'><p>\ud83d\udd12 Os seus dados ser\u00e3o tratados com total confidencialidade. Ao submeter este formul\u00e1rio, concorda com a nossa <a href=\"https:\/\/consultoria.cv\/politica-de-privacidade\/\">Pol\u00edtica de Privacidade<\/a>.<\/p><\/div><\/label><\/div><\/div><div class='ff-el-group ff-text-left ff_submit_btn_wrapper'><button type=\"submit\" class=\"ff-btn ff-btn-submit ff-btn-md ff_btn_style wpf_has_custom_css\"  aria-label=\"Enviar formul\u00e1rio\">Enviar formul\u00e1rio<\/button><\/div><\/fieldset><\/form><div id='fluentform_3_errors' class='ff-errors-in-stack ff_form_instance_3_1 ff-form-loading_errors ff_form_instance_3_1_errors'><\/div><\/div>            <script type=\"text\/javascript\">\n                window.fluent_form_ff_form_instance_3_1 = {\"id\":\"3\",\"ajaxUrl\":\"https:\\\/\\\/consultoria.cv\\\/wp-admin\\\/admin-ajax.php\",\"settings\":{\"layout\":{\"labelPlacement\":\"top\",\"asteriskPlacement\":\"asterisk-right\",\"helpMessagePlacement\":\"with_label\",\"errorMessagePlacement\":\"inline\",\"cssClassName\":\"\"},\"restrictions\":{\"denyEmptySubmission\":{\"enabled\":false}}},\"form_instance\":\"ff_form_instance_3_1\",\"form_id_selector\":\"fluentform_3\",\"rules\":{\"input_text\":{\"required\":{\"value\":true,\"message\":\"This field is required\",\"global_message\":\"This field is required\",\"global\":true}},\"input_text_2\":{\"required\":{\"value\":true,\"message\":\"This field is required\",\"global_message\":\"This field is required\",\"global\":true}},\"input_text_1\":{\"required\":{\"value\":true,\"message\":\"This field is required\",\"global_message\":\"This field is required\",\"global\":true}},\"numeric_field\":{\"required\":{\"value\":false,\"message\":\"This field is required\",\"global_message\":\"This field is required\",\"global\":true},\"numeric\":{\"value\":true,\"message\":\"This field must contain numeric value\",\"global_message\":\"This field must contain numeric value\",\"global\":true},\"min\":{\"value\":\"\",\"message\":\"Validation fails for minimum value\",\"global_message\":\"Validation fails for minimum value\",\"global\":true},\"max\":{\"value\":\"\",\"message\":\"Validation fails for maximum value\",\"global_message\":\"Validation fails for maximum value\",\"global\":true},\"digits\":{\"value\":\"\",\"message\":\"Validation fails for limited digits\",\"global_message\":\"Validation fails for limited digits\",\"global\":true}},\"names[first_name]\":{\"required\":{\"value\":true,\"message\":\"This field is required\",\"global_message\":\"This field is required\",\"global\":true}},\"names[middle_name]\":{\"required\":{\"value\":false,\"message\":\"This field is required\",\"global_message\":\"This field is required\",\"global\":true}},\"names[last_name]\":{\"required\":{\"value\":true,\"message\":\"This field is required\",\"global_message\":\"This field is required\",\"global\":true}},\"input_text_3\":{\"required\":{\"value\":false,\"message\":\"This field is required\",\"global_message\":\"This field is required\",\"global\":true}},\"email\":{\"required\":{\"value\":true,\"message\":\"This field is required\",\"global_message\":\"This field is required\",\"global\":true},\"email\":{\"value\":true,\"message\":\"This field must contain a valid email\",\"global_message\":\"This field must contain a valid email\",\"global\":true}},\"phone\":{\"required\":{\"value\":false,\"global\":true,\"message\":\"This field is required\",\"global_message\":\"This field is required\"},\"valid_phone_number\":{\"value\":false,\"global\":true,\"message\":\"Phone number is not valid\",\"global_message\":\"Phone number is not valid\"}},\"checkbox23\":{\"required\":{\"value\":false,\"message\":\"This field is required\",\"global_message\":\"This field is required\",\"global\":true}},\"description\":{\"required\":{\"value\":false,\"message\":\"This field is required\",\"global_message\":\"This field is required\",\"global\":true}},\"description_1\":{\"required\":{\"value\":false,\"message\":\"This field is required\",\"global_message\":\"This field is required\",\"global\":true}},\"checkbox_1\":{\"required\":{\"value\":false,\"message\":\"This field is required\",\"global_message\":\"This field is required\",\"global\":true}},\"dropdown25\":{\"required\":{\"value\":false,\"message\":\"This field is required\",\"global_message\":\"This field is required\",\"global\":true}},\"terms-n-condition\":{\"required\":{\"value\":true,\"message\":\"This field is required\",\"global_message\":\"This field is required\",\"global\":true}}},\"debounce_time\":300};\n                            <\/script>\n             <\/div><\/div>\n<\/section>","protected":false},"excerpt":{"rendered":"<p>Formul\u00e1rio de integra\u00e7\u00e3o do cliente Est\u00e1 pronto para elevar o seu neg\u00f3cio ao pr\u00f3ximo n\u00edvel?Preencha o formul\u00e1rio abaixo e a nossa equipa entrar\u00e1 em contacto consigo para agendar uma reuni\u00e3o gratuita e personalizada. Client registration formNome de EmpresaNIFSector de actividadeN\u00famero de ColaboradoresO seu nomeApelidoO seu CargoEmailTelefoneSelecione os servi\u00e7os que pretende contratar: Plano de Neg\u00f3cios Estudo [&hellip;]<\/p>\n","protected":false},"author":1,"featured_media":0,"parent":0,"menu_order":0,"comment_status":"closed","ping_status":"closed","template":"","meta":{"_breakdance_hide_in_design_set":false,"_breakdance_tags":"","footnotes":""},"class_list":["post-3302","page","type-page","status-publish","hentry"],"_links":{"self":[{"href":"https:\/\/consultoria.cv\/en\/wp-json\/wp\/v2\/pages\/3302","targetHints":{"allow":["GET"]}}],"collection":[{"href":"https:\/\/consultoria.cv\/en\/wp-json\/wp\/v2\/pages"}],"about":[{"href":"https:\/\/consultoria.cv\/en\/wp-json\/wp\/v2\/types\/page"}],"author":[{"embeddable":true,"href":"https:\/\/consultoria.cv\/en\/wp-json\/wp\/v2\/users\/1"}],"replies":[{"embeddable":true,"href":"https:\/\/consultoria.cv\/en\/wp-json\/wp\/v2\/comments?post=3302"}],"version-history":[{"count":8,"href":"https:\/\/consultoria.cv\/en\/wp-json\/wp\/v2\/pages\/3302\/revisions"}],"predecessor-version":[{"id":3315,"href":"https:\/\/consultoria.cv\/en\/wp-json\/wp\/v2\/pages\/3302\/revisions\/3315"}],"wp:attachment":[{"href":"https:\/\/consultoria.cv\/en\/wp-json\/wp\/v2\/media?parent=3302"}],"curies":[{"name":"wp","href":"https:\/\/api.w.org\/{rel}","templated":true}]}}